{"id":349,"date":"2025-11-07T15:39:57","date_gmt":"2025-11-07T15:39:57","guid":{"rendered":"https:\/\/darwinstrategies.com\/?page_id=349"},"modified":"2026-04-13T14:48:28","modified_gmt":"2026-04-13T14:48:28","slug":"organisation-et-strategies-dentreprises-2","status":"publish","type":"page","link":"https:\/\/darwinstrategies.com\/en\/organisation-et-strategies-dentreprises-2\/","title":{"rendered":"Organisation et strat\u00e9gies d&rsquo;entreprises"},"content":{"rendered":"<div data-elementor-type=\"wp-page\" data-elementor-id=\"349\" class=\"elementor elementor-349\" data-elementor-post-type=\"page\">\n\t\t\t\t<div class=\"elementor-element elementor-element-fdac760 e-flex e-con-boxed e-con e-parent\" data-id=\"fdac760\" data-element_type=\"container\" data-e-type=\"container\" data-settings=\"{&quot;background_background&quot;:&quot;classic&quot;}\">\n\t\t\t\t\t<div class=\"e-con-inner\">\n\t\t\t\t<div class=\"elementor-element elementor-element-4f4251e elementor-widget__width-inherit elementor-widget elementor-widget-heading\" data-id=\"4f4251e\" data-element_type=\"widget\" data-e-type=\"widget\" data-widget_type=\"heading.default\">\n\t\t\t\t\t<h2 class=\"elementor-heading-title elementor-size-default\">Darwin Strategies<\/h2>\t\t\t\t<\/div>\n\t\t\t\t<div class=\"elementor-element elementor-element-6d0dc78 elementor-widget__width-inherit elementor-widget-divider--view-line elementor-widget elementor-widget-divider\" data-id=\"6d0dc78\" data-element_type=\"widget\" data-e-type=\"widget\" data-widget_type=\"divider.default\">\n\t\t\t\t\t\t\t<div class=\"elementor-divider\">\n\t\t\t<span class=\"elementor-divider-separator\">\n\t\t\t\t\t\t<\/span>\n\t\t<\/div>\n\t\t\t\t\t\t<\/div>\n\t\t\t\t<div class=\"elementor-element elementor-element-0e8f370 elementor-widget elementor-widget-heading\" data-id=\"0e8f370\" data-element_type=\"widget\" data-e-type=\"widget\" data-widget_type=\"heading.default\">\n\t\t\t\t\t<h2 class=\"elementor-heading-title elementor-size-default\">Dans un monde en transformation acc\u00e9l\u00e9r\u00e9e, les entreprises font face \u00e0 des d\u00e9fis sans pr\u00e9c\u00e9dent<\/h2>\t\t\t\t<\/div>\n\t\t\t\t<div class=\"elementor-element elementor-element-95a4452 elementor-widget elementor-widget-text-editor\" data-id=\"95a4452\" data-element_type=\"widget\" data-e-type=\"widget\" data-widget_type=\"text-editor.default\">\n\t\t\t\t\t\t\t\t\t<p>Changement climatique, r\u00e9volutions technologiques, \u00e9volutions soci\u00e9tales et \u00e9conomiques. Face \u00e0 un futur plus incertain et \u00e9volutif que jamais, une question centrale se pose : comment les organisations et les individus qui les composent peuvent-ils non seulement survivre, mais prosp\u00e9rer dans ce contexte de changement permanent ?<\/p>\t\t\t\t\t\t\t\t<\/div>\n\t\t\t\t\t<\/div>\n\t\t\t\t<\/div>\n\t\t<div class=\"elementor-element elementor-element-9ce8672 e-con-full e-flex e-con e-parent\" data-id=\"9ce8672\" data-element_type=\"container\" data-e-type=\"container\" data-settings=\"{&quot;background_background&quot;:&quot;classic&quot;}\">\n\t\t<div class=\"elementor-element elementor-element-d592859 e-con-full e-flex e-con e-child\" data-id=\"d592859\" data-element_type=\"container\" data-e-type=\"container\" data-settings=\"{&quot;background_background&quot;:&quot;classic&quot;}\">\n\t\t\t\t<\/div>\n\t\t<div class=\"elementor-element elementor-element-4d3dbda e-con-full e-flex e-con e-child\" data-id=\"4d3dbda\" data-element_type=\"container\" data-e-type=\"container\" data-settings=\"{&quot;background_background&quot;:&quot;classic&quot;}\">\n\t\t\t\t<div class=\"elementor-element elementor-element-465bd59 elementor-widget elementor-widget-heading\" data-id=\"465bd59\" data-element_type=\"widget\" data-e-type=\"widget\" data-widget_type=\"heading.default\">\n\t\t\t\t\t<h2 class=\"elementor-heading-title elementor-size-default\">Notre Vision<\/h2>\t\t\t\t<\/div>\n\t\t\t\t<div class=\"elementor-element elementor-element-ca2a23d elementor-widget-divider--view-line elementor-widget elementor-widget-divider\" data-id=\"ca2a23d\" data-element_type=\"widget\" data-e-type=\"widget\" data-widget_type=\"divider.default\">\n\t\t\t\t\t\t\t<div class=\"elementor-divider\">\n\t\t\t<span class=\"elementor-divider-separator\">\n\t\t\t\t\t\t<\/span>\n\t\t<\/div>\n\t\t\t\t\t\t<\/div>\n\t\t\t\t<div class=\"elementor-element elementor-element-4a5ee3b elementor-widget elementor-widget-text-editor\" data-id=\"4a5ee3b\" data-element_type=\"widget\" data-e-type=\"widget\" data-widget_type=\"text-editor.default\">\n\t\t\t\t\t\t\t\t\t<p>Permettre aux humains et aux organisations de mieux vivre le pr\u00e9sent tout en renfor\u00e7ant leur capacit\u00e9 adaptative pour prendre en main notre futur. Un futur o\u00f9 plan\u00e8te, humains et l\u2019ensemble du vivant sauront vivre en symbiose sans renoncer \u00e0 ce que nous sommes : des explorateurs en qu\u00eate de connaissances, d\u2019innovation et de sens.<\/p>\t\t\t\t\t\t\t\t<\/div>\n\t\t\t\t<\/div>\n\t\t<div class=\"elementor-element elementor-element-6998995 e-con-full e-flex e-con e-child\" data-id=\"6998995\" data-element_type=\"container\" data-e-type=\"container\" data-settings=\"{&quot;background_background&quot;:&quot;classic&quot;}\">\n\t\t\t\t<div class=\"elementor-element elementor-element-3a5e19f elementor-widget elementor-widget-heading\" data-id=\"3a5e19f\" data-element_type=\"widget\" data-e-type=\"widget\" data-widget_type=\"heading.default\">\n\t\t\t\t\t<h2 class=\"elementor-heading-title elementor-size-default\">Un contexte de mutations profondes et simultan\u00e9es<\/h2>\t\t\t\t<\/div>\n\t\t\t\t<div class=\"elementor-element elementor-element-17d3bbc elementor-widget-divider--view-line elementor-widget elementor-widget-divider\" data-id=\"17d3bbc\" data-element_type=\"widget\" data-e-type=\"widget\" data-widget_type=\"divider.default\">\n\t\t\t\t\t\t\t<div class=\"elementor-divider\">\n\t\t\t<span class=\"elementor-divider-separator\">\n\t\t\t\t\t\t<\/span>\n\t\t<\/div>\n\t\t\t\t\t\t<\/div>\n\t\t\t\t<div class=\"elementor-element elementor-element-e1dcedb elementor-widget elementor-widget-text-editor\" data-id=\"e1dcedb\" data-element_type=\"widget\" data-e-type=\"widget\" data-widget_type=\"text-editor.default\">\n\t\t\t\t\t\t\t\t\t<p>L\u2019entreprise \u00e9volue aujourd\u2019hui dans un environnement o\u00f9 les changements sont nombreux, rapides et impr\u00e9visibles. Changement climatique, intelligence artificielle, crises sanitaires, mutations sociales : ces bouleversements ne sont pas des \u00e9v\u00e9nements isol\u00e9s, mais des dynamiques continues qui red\u00e9finissent les r\u00e8gles du jeu.<\/p><p>Les \u00e9quipes sont sous pression permanente : surcharge d\u2019informations, incertitude, n\u00e9cessit\u00e9 de se transformer sans cesse. Les rep\u00e8res classiques se d\u00e9litent : les carri\u00e8res lin\u00e9aires, les m\u00e9tiers stables, les march\u00e9s pr\u00e9visibles appartiennent \u00e0 une \u00e9poque r\u00e9volue.<\/p><p>Christian Clot, qui intervient r\u00e9guli\u00e8rement aupr\u00e8s d\u2019organisations, d\u00e9crit l\u2019adaptation comme la comp\u00e9tence cl\u00e9 pour faire face \u00e0 un monde de plus en plus incertain et changeant, marqu\u00e9 autant par l\u2019urgence climatique que par l\u2019arriv\u00e9e de l\u2019IA g\u00e9n\u00e9rative et des crises successives.<\/p>\t\t\t\t\t\t\t\t<\/div>\n\t\t\t\t<\/div>\n\t\t<div class=\"elementor-element elementor-element-a4d70b6 e-con-full e-flex e-con e-child\" data-id=\"a4d70b6\" data-element_type=\"container\" data-e-type=\"container\" data-settings=\"{&quot;background_background&quot;:&quot;classic&quot;}\">\n\t\t\t\t<\/div>\n\t\t<div class=\"elementor-element elementor-element-a009b77 e-con-full e-flex e-con e-child\" data-id=\"a009b77\" data-element_type=\"container\" data-e-type=\"container\" data-settings=\"{&quot;background_background&quot;:&quot;classic&quot;}\">\n\t\t\t\t<\/div>\n\t\t<div class=\"elementor-element elementor-element-c984641 e-con-full e-flex e-con e-child\" data-id=\"c984641\" data-element_type=\"container\" data-e-type=\"container\" data-settings=\"{&quot;background_background&quot;:&quot;classic&quot;}\">\n\t\t\t\t<div class=\"elementor-element elementor-element-e05a6ae elementor-widget elementor-widget-heading\" data-id=\"e05a6ae\" data-element_type=\"widget\" data-e-type=\"widget\" data-widget_type=\"heading.default\">\n\t\t\t\t\t<h2 class=\"elementor-heading-title elementor-size-default\">L'adaptation, comp\u00e9tence strat\u00e9gique de notre \u00e9poque<\/h2>\t\t\t\t<\/div>\n\t\t\t\t<div class=\"elementor-element elementor-element-4beb081 elementor-widget-divider--view-line elementor-widget elementor-widget-divider\" data-id=\"4beb081\" data-element_type=\"widget\" data-e-type=\"widget\" data-widget_type=\"divider.default\">\n\t\t\t\t\t\t\t<div class=\"elementor-divider\">\n\t\t\t<span class=\"elementor-divider-separator\">\n\t\t\t\t\t\t<\/span>\n\t\t<\/div>\n\t\t\t\t\t\t<\/div>\n\t\t\t\t<div class=\"elementor-element elementor-element-f58059e elementor-widget elementor-widget-text-editor\" data-id=\"f58059e\" data-element_type=\"widget\" data-e-type=\"widget\" data-widget_type=\"text-editor.default\">\n\t\t\t\t\t\t\t\t\t<p>Dans ce contexte, la performance durable ne vient plus de la stabilit\u00e9 des processus ou de la pr\u00e9dictibilit\u00e9 des march\u00e9s, mais de la capacit\u00e9 des personnes et des collectifs \u00e0 se r\u00e9organiser, \u00e0 apprendre et \u00e0 coop\u00e9rer dans l\u2019incertitude.<\/p><p>L\u2019enjeu n\u2019est donc pas seulement de g\u00e9rer le changement ponctuel, mais de d\u00e9velopper des organisations v\u00e9ritablement adaptatives, capables de :<\/p><ul><li><p>Rester op\u00e9rationnelles en situation de crise<\/p><\/li><li><p>Se projeter malgr\u00e9 l\u2019incertitude<\/p><\/li><li><p>Prot\u00e9ger la sant\u00e9 mentale et la motivation des \u00e9quipes<\/p><\/li><li><p>Transformer les contraintes en possibilit\u00e9s d\u2019innovation<\/p><\/li><\/ul><p>Cet avenir ne se construira que si trois bases fondamentales sont r\u00e9unies : compr\u00e9hension, formation, collaboration. Comprendre qui nous sommes en tant qu\u2019individus face aux changements et ce que sont ces changements ; partager cette connaissance et en faire profiter le plus grand nombre ; collaborer pour chercher ensemble et construire de concert les solutions nouvelles.<\/p>\t\t\t\t\t\t\t\t<\/div>\n\t\t\t\t<\/div>\n\t\t\t\t<\/div>\n\t\t<div class=\"elementor-element elementor-element-d308412 e-flex e-con-boxed e-con e-parent\" data-id=\"d308412\" data-element_type=\"container\" data-e-type=\"container\">\n\t\t\t\t\t<div class=\"e-con-inner\">\n\t\t\t\t<div class=\"elementor-element elementor-element-d791600 elementor-widget elementor-widget-spacer\" data-id=\"d791600\" data-element_type=\"widget\" data-e-type=\"widget\" data-widget_type=\"spacer.default\">\n\t\t\t\t\t\t\t<div class=\"elementor-spacer\">\n\t\t\t<div class=\"elementor-spacer-inner\"><\/div>\n\t\t<\/div>\n\t\t\t\t\t\t<\/div>\n\t\t\t\t\t<\/div>\n\t\t\t\t<\/div>\n\t\t<div class=\"elementor-element elementor-element-09efe0e e-flex e-con-boxed e-con e-parent\" data-id=\"09efe0e\" data-element_type=\"container\" data-e-type=\"container\" data-settings=\"{&quot;background_background&quot;:&quot;classic&quot;}\">\n\t\t\t\t\t<div class=\"e-con-inner\">\n\t\t<div class=\"elementor-element elementor-element-32d83d9 e-con-full e-flex e-con e-child\" data-id=\"32d83d9\" data-element_type=\"container\" data-e-type=\"container\" data-settings=\"{&quot;background_background&quot;:&quot;classic&quot;}\">\n\t\t\t\t<div class=\"elementor-element elementor-element-2ca844a elementor-widget__width-inherit elementor-widget elementor-widget-heading\" data-id=\"2ca844a\" data-element_type=\"widget\" data-e-type=\"widget\" data-widget_type=\"heading.default\">\n\t\t\t\t\t<h2 class=\"elementor-heading-title elementor-size-default\">Darwin Strategies<\/h2>\t\t\t\t<\/div>\n\t\t\t\t<div class=\"elementor-element elementor-element-d088256 elementor-widget__width-inherit elementor-widget-divider--view-line elementor-widget elementor-widget-divider\" data-id=\"d088256\" data-element_type=\"widget\" data-e-type=\"widget\" data-widget_type=\"divider.default\">\n\t\t\t\t\t\t\t<div class=\"elementor-divider\">\n\t\t\t<span class=\"elementor-divider-separator\">\n\t\t\t\t\t\t<\/span>\n\t\t<\/div>\n\t\t\t\t\t\t<\/div>\n\t\t\t\t<div class=\"elementor-element elementor-element-85c6977 elementor-widget__width-inherit elementor-widget elementor-widget-heading\" data-id=\"85c6977\" data-element_type=\"widget\" data-e-type=\"widget\" data-widget_type=\"heading.default\">\n\t\t\t\t\t<h2 class=\"elementor-heading-title elementor-size-default\">Les quatre piliers de l'adaptation en entreprise<\/h2>\t\t\t\t<\/div>\n\t\t<div class=\"elementor-element elementor-element-b72d8a3 e-con-full e-flex e-con e-child\" data-id=\"b72d8a3\" data-element_type=\"container\" data-e-type=\"container\" data-settings=\"{&quot;background_background&quot;:&quot;classic&quot;}\">\n\t\t\t\t<div class=\"elementor-element elementor-element-d0c3c81 elementor-widget elementor-widget-heading\" data-id=\"d0c3c81\" data-element_type=\"widget\" data-e-type=\"widget\" data-widget_type=\"heading.default\">\n\t\t\t\t\t<h2 class=\"elementor-heading-title elementor-size-default\">1<\/h2>\t\t\t\t<\/div>\n\t\t\t\t<div class=\"elementor-element elementor-element-7e45e23 elementor-widget elementor-widget-text-editor\" data-id=\"7e45e23\" data-element_type=\"widget\" data-e-type=\"widget\" data-widget_type=\"text-editor.default\">\n\t\t\t\t\t\t\t\t\t<p><b>Accepter la r\u00e9alit\u00e9 du changement<\/b><\/p><p>Sortir du d\u00e9ni ou de la nostalgie du \u00ab\u00a0retour \u00e0 la normale\u00a0\u00bb pour reconna\u00eetre que l&rsquo;instabilit\u00e9 est devenue la norme. L&rsquo;acceptation n&rsquo;est pas une r\u00e9signation, mais le point de d\u00e9part pour agir lucidement. Sans cette acceptation, impossible de mobiliser les ressources n\u00e9cessaires \u00e0 la transformation.<\/p><p>Les recherches men\u00e9es lors des exp\u00e9ditions Deep Time et Deep Climate d\u00e9montrent que les \u00e9quipes qui acceptent rapidement la r\u00e9alit\u00e9 de leur environnement, aussi hostile soit-il, d\u00e9veloppent des strat\u00e9gies d&rsquo;adaptation plus efficaces que celles qui restent dans le d\u00e9ni.<\/p>\t\t\t\t\t\t\t\t<\/div>\n\t\t\t\t<\/div>\n\t\t<div class=\"elementor-element elementor-element-7e7925a e-con-full e-flex e-con e-child\" data-id=\"7e7925a\" data-element_type=\"container\" data-e-type=\"container\" data-settings=\"{&quot;background_background&quot;:&quot;classic&quot;}\">\n\t\t\t\t<div class=\"elementor-element elementor-element-79c50cf elementor-widget elementor-widget-heading\" data-id=\"79c50cf\" data-element_type=\"widget\" data-e-type=\"widget\" data-widget_type=\"heading.default\">\n\t\t\t\t\t<h2 class=\"elementor-heading-title elementor-size-default\">2<\/h2>\t\t\t\t<\/div>\n\t\t\t\t<div class=\"elementor-element elementor-element-164f3c2 elementor-widget elementor-widget-text-editor\" data-id=\"164f3c2\" data-element_type=\"widget\" data-e-type=\"widget\" data-widget_type=\"text-editor.default\">\n\t\t\t\t\t\t\t\t\t<p><b>Mobiliser les \u00e9motions au service de la d\u00e9cision<\/b><\/p><p>Les \u00e9tudes de l&rsquo;Institut montrent combien les \u00e9motions jouent un r\u00f4le central dans la prise de d\u00e9cision en contexte nouveau ou de crise. Il ne s&rsquo;agit pas de les nier, mais de les comprendre pour \u00e9viter les d\u00e9cisions impulsives ou paralys\u00e9es.<\/p><p>Une conviction profonde anime l&rsquo;approche du Human Adaptation Institute : les \u00e9motions ne sont pas des obstacles \u00e0 la rationalit\u00e9, mais des signaux pr\u00e9cieux qui nous informent sur notre relation \u00e0 l&rsquo;environnement. Apprendre \u00e0 les d\u00e9coder permet de prendre de meilleures d\u00e9cisions, surtout dans l&rsquo;incertitude.<\/p>\t\t\t\t\t\t\t\t<\/div>\n\t\t\t\t<\/div>\n\t\t<div class=\"elementor-element elementor-element-43cfbc8 e-con-full e-flex e-con e-child\" data-id=\"43cfbc8\" data-element_type=\"container\" data-e-type=\"container\" data-settings=\"{&quot;background_background&quot;:&quot;classic&quot;}\">\n\t\t\t\t<div class=\"elementor-element elementor-element-2154004 elementor-widget elementor-widget-heading\" data-id=\"2154004\" data-element_type=\"widget\" data-e-type=\"widget\" data-widget_type=\"heading.default\">\n\t\t\t\t\t<h2 class=\"elementor-heading-title elementor-size-default\">3<\/h2>\t\t\t\t<\/div>\n\t\t\t\t<div class=\"elementor-element elementor-element-1c5424f elementor-widget elementor-widget-text-editor\" data-id=\"1c5424f\" data-element_type=\"widget\" data-e-type=\"widget\" data-widget_type=\"text-editor.default\">\n\t\t\t\t\t\t\t\t\t<p><b>Renforcer la coop\u00e9ration et l&rsquo;intelligence collective<\/b><\/p><p>Dans les exp\u00e9ditions comme Deep Time ou Deep Climate, la capacit\u00e9 \u00e0 s&rsquo;en sortir vient des dynamiques de groupe : \u00e9coute, ajustement des r\u00f4les, confiance, co-d\u00e9cision.<\/p><p>Les recherches men\u00e9es lors des exp\u00e9ditions scientifiques en milieux extr\u00eames d\u00e9montrent que la coop\u00e9ration n&rsquo;est pas simplement un atout, mais une n\u00e9cessit\u00e9 vitale pour l&rsquo;adaptation r\u00e9ussie.\u00a0<\/p><p>C&rsquo;est en collaborant que nous offrons le meilleur de nous-m\u00eames. Cette r\u00e9alit\u00e9 vaut autant pour une exp\u00e9dition dans le d\u00e9sert que pour une organisation confront\u00e9e aux transformations de son environnement.<\/p>\t\t\t\t\t\t\t\t<\/div>\n\t\t\t\t<\/div>\n\t\t<div class=\"elementor-element elementor-element-4dc7efa e-con-full e-flex e-con e-child\" data-id=\"4dc7efa\" data-element_type=\"container\" data-e-type=\"container\" data-settings=\"{&quot;background_background&quot;:&quot;classic&quot;}\">\n\t\t\t\t<div class=\"elementor-element elementor-element-be122fe elementor-widget elementor-widget-heading\" data-id=\"be122fe\" data-element_type=\"widget\" data-e-type=\"widget\" data-widget_type=\"heading.default\">\n\t\t\t\t\t<h2 class=\"elementor-heading-title elementor-size-default\">4<\/h2>\t\t\t\t<\/div>\n\t\t\t\t<div class=\"elementor-element elementor-element-e9355a3 elementor-widget elementor-widget-text-editor\" data-id=\"e9355a3\" data-element_type=\"widget\" data-e-type=\"widget\" data-widget_type=\"text-editor.default\">\n\t\t\t\t\t\t\t\t\t<p><b>D\u00e9velopper l&rsquo;imaginaire et la capacit\u00e9 de projection<\/b><\/p><p>S&rsquo;adapter, ce n&rsquo;est pas seulement r\u00e9agir \u00e0 court terme, c&rsquo;est aussi imaginer des futurs possibles pour pr\u00e9parer des strat\u00e9gies, des organisations et des m\u00e9tiers qui n&rsquo;existent pas encore.<\/p><p>Cette capacit\u00e9 de projection n\u00e9cessite de cr\u00e9er un espace cognitif suffisant. Les \u00e9quipes surcharg\u00e9es, en situation de stress permanent, perdent cette capacit\u00e9 \u00e0 penser le futur. L&rsquo;adaptation exige donc aussi de pr\u00e9server les ressources mentales n\u00e9cessaires \u00e0 l&rsquo;imagination et \u00e0 la planification.<\/p>\t\t\t\t\t\t\t\t<\/div>\n\t\t\t\t<\/div>\n\t\t\t\t<\/div>\n\t\t\t\t\t<\/div>\n\t\t\t\t<\/div>\n\t\t\t\t<\/div>","protected":false},"excerpt":{"rendered":"<p>Darwin Strategies Dans un monde en transformation acc\u00e9l\u00e9r\u00e9e, les entreprises font face \u00e0 des d\u00e9fis sans pr\u00e9c\u00e9dent Changement climatique, r\u00e9volutions technologiques, \u00e9volutions soci\u00e9tales et \u00e9conomiques. Face \u00e0 un futur plus incertain et \u00e9volutif que jamais, une question centrale se pose : comment les organisations et les individus qui les composent peuvent-ils non seulement survivre, mais [&hellip;]<\/p>\n","protected":false},"author":2,"featured_media":0,"parent":0,"menu_order":0,"comment_status":"closed","ping_status":"closed","template":"","meta":{"footnotes":""},"class_list":["post-349","page","type-page","status-publish","hentry"],"yoast_head":"<!-- This site is optimized with the Yoast SEO plugin v27.6 - https:\/\/yoast.com\/product\/yoast-seo-wordpress\/ -->\n<title>Organisation et strat\u00e9gies d&#039;entreprises - Darwin<\/title>\n<meta name=\"robots\" content=\"index, follow, max-snippet:-1, max-image-preview:large, max-video-preview:-1\" \/>\n<link rel=\"canonical\" href=\"https:\/\/darwinstrategies.com\/en\/organisation-et-strategies-dentreprises-2\/\" \/>\n<meta property=\"og:locale\" content=\"en_GB\" \/>\n<meta property=\"og:type\" content=\"article\" \/>\n<meta property=\"og:title\" content=\"Organisation et strat\u00e9gies d&#039;entreprises - Darwin\" \/>\n<meta property=\"og:description\" content=\"Darwin Strategies Dans un monde en transformation acc\u00e9l\u00e9r\u00e9e, les entreprises font face \u00e0 des d\u00e9fis sans pr\u00e9c\u00e9dent Changement climatique, r\u00e9volutions technologiques, \u00e9volutions soci\u00e9tales et \u00e9conomiques. Face \u00e0 un futur plus incertain et \u00e9volutif que jamais, une question centrale se pose : comment les organisations et les individus qui les composent peuvent-ils non seulement survivre, mais [&hellip;]\" \/>\n<meta property=\"og:url\" content=\"https:\/\/darwinstrategies.com\/en\/organisation-et-strategies-dentreprises-2\/\" \/>\n<meta property=\"og:site_name\" content=\"Darwin\" \/>\n<meta property=\"article:modified_time\" content=\"2026-04-13T14:48:28+00:00\" \/>\n<meta name=\"twitter:card\" content=\"summary_large_image\" \/>\n<meta name=\"twitter:label1\" content=\"Estimated reading time\" \/>\n\t<meta name=\"twitter:data1\" content=\"4 minutes\" \/>\n<script type=\"application\/ld+json\" class=\"yoast-schema-graph\">{\"@context\":\"https:\\\/\\\/schema.org\",\"@graph\":[{\"@type\":\"WebPage\",\"@id\":\"https:\\\/\\\/darwinstrategies.com\\\/organisation-et-strategies-dentreprises-2\\\/\",\"url\":\"https:\\\/\\\/darwinstrategies.com\\\/organisation-et-strategies-dentreprises-2\\\/\",\"name\":\"Organisation et strat\u00e9gies d'entreprises - Darwin\",\"isPartOf\":{\"@id\":\"https:\\\/\\\/darwinstrategies.com\\\/#website\"},\"datePublished\":\"2025-11-07T15:39:57+00:00\",\"dateModified\":\"2026-04-13T14:48:28+00:00\",\"breadcrumb\":{\"@id\":\"https:\\\/\\\/darwinstrategies.com\\\/organisation-et-strategies-dentreprises-2\\\/#breadcrumb\"},\"inLanguage\":\"en-GB\",\"potentialAction\":[{\"@type\":\"ReadAction\",\"target\":[\"https:\\\/\\\/darwinstrategies.com\\\/organisation-et-strategies-dentreprises-2\\\/\"]}]},{\"@type\":\"BreadcrumbList\",\"@id\":\"https:\\\/\\\/darwinstrategies.com\\\/organisation-et-strategies-dentreprises-2\\\/#breadcrumb\",\"itemListElement\":[{\"@type\":\"ListItem\",\"position\":1,\"name\":\"Accueil\",\"item\":\"https:\\\/\\\/darwinstrategies.com\\\/\"},{\"@type\":\"ListItem\",\"position\":2,\"name\":\"Organisation et strat\u00e9gies d&rsquo;entreprises\"}]},{\"@type\":\"WebSite\",\"@id\":\"https:\\\/\\\/darwinstrategies.com\\\/#website\",\"url\":\"https:\\\/\\\/darwinstrategies.com\\\/\",\"name\":\"Darwin\",\"description\":\"\",\"potentialAction\":[{\"@type\":\"SearchAction\",\"target\":{\"@type\":\"EntryPoint\",\"urlTemplate\":\"https:\\\/\\\/darwinstrategies.com\\\/?s={search_term_string}\"},\"query-input\":{\"@type\":\"PropertyValueSpecification\",\"valueRequired\":true,\"valueName\":\"search_term_string\"}}],\"inLanguage\":\"en-GB\"}]}<\/script>\n<!-- \/ Yoast SEO plugin. -->","yoast_head_json":{"title":"Organisation et strat\u00e9gies d'entreprises - Darwin","robots":{"index":"index","follow":"follow","max-snippet":"max-snippet:-1","max-image-preview":"max-image-preview:large","max-video-preview":"max-video-preview:-1"},"canonical":"https:\/\/darwinstrategies.com\/en\/organisation-et-strategies-dentreprises-2\/","og_locale":"en_GB","og_type":"article","og_title":"Organisation et strat\u00e9gies d'entreprises - Darwin","og_description":"Darwin Strategies Dans un monde en transformation acc\u00e9l\u00e9r\u00e9e, les entreprises font face \u00e0 des d\u00e9fis sans pr\u00e9c\u00e9dent Changement climatique, r\u00e9volutions technologiques, \u00e9volutions soci\u00e9tales et \u00e9conomiques. Face \u00e0 un futur plus incertain et \u00e9volutif que jamais, une question centrale se pose : comment les organisations et les individus qui les composent peuvent-ils non seulement survivre, mais [&hellip;]","og_url":"https:\/\/darwinstrategies.com\/en\/organisation-et-strategies-dentreprises-2\/","og_site_name":"Darwin","article_modified_time":"2026-04-13T14:48:28+00:00","twitter_card":"summary_large_image","twitter_misc":{"Estimated reading time":"4 minutes"},"schema":{"@context":"https:\/\/schema.org","@graph":[{"@type":"WebPage","@id":"https:\/\/darwinstrategies.com\/organisation-et-strategies-dentreprises-2\/","url":"https:\/\/darwinstrategies.com\/organisation-et-strategies-dentreprises-2\/","name":"Organisation et strat\u00e9gies d'entreprises - Darwin","isPartOf":{"@id":"https:\/\/darwinstrategies.com\/#website"},"datePublished":"2025-11-07T15:39:57+00:00","dateModified":"2026-04-13T14:48:28+00:00","breadcrumb":{"@id":"https:\/\/darwinstrategies.com\/organisation-et-strategies-dentreprises-2\/#breadcrumb"},"inLanguage":"en-GB","potentialAction":[{"@type":"ReadAction","target":["https:\/\/darwinstrategies.com\/organisation-et-strategies-dentreprises-2\/"]}]},{"@type":"BreadcrumbList","@id":"https:\/\/darwinstrategies.com\/organisation-et-strategies-dentreprises-2\/#breadcrumb","itemListElement":[{"@type":"ListItem","position":1,"name":"Accueil","item":"https:\/\/darwinstrategies.com\/"},{"@type":"ListItem","position":2,"name":"Organisation et strat\u00e9gies d&rsquo;entreprises"}]},{"@type":"WebSite","@id":"https:\/\/darwinstrategies.com\/#website","url":"https:\/\/darwinstrategies.com\/","name":"Darwin","description":"","potentialAction":[{"@type":"SearchAction","target":{"@type":"EntryPoint","urlTemplate":"https:\/\/darwinstrategies.com\/?s={search_term_string}"},"query-input":{"@type":"PropertyValueSpecification","valueRequired":true,"valueName":"search_term_string"}}],"inLanguage":"en-GB"}]}},"_links":{"self":[{"href":"https:\/\/darwinstrategies.com\/en\/wp-json\/wp\/v2\/pages\/349","targetHints":{"allow":["GET"]}}],"collection":[{"href":"https:\/\/darwinstrategies.com\/en\/wp-json\/wp\/v2\/pages"}],"about":[{"href":"https:\/\/darwinstrategies.com\/en\/wp-json\/wp\/v2\/types\/page"}],"author":[{"embeddable":true,"href":"https:\/\/darwinstrategies.com\/en\/wp-json\/wp\/v2\/users\/2"}],"replies":[{"embeddable":true,"href":"https:\/\/darwinstrategies.com\/en\/wp-json\/wp\/v2\/comments?post=349"}],"version-history":[{"count":58,"href":"https:\/\/darwinstrategies.com\/en\/wp-json\/wp\/v2\/pages\/349\/revisions"}],"predecessor-version":[{"id":1298,"href":"https:\/\/darwinstrategies.com\/en\/wp-json\/wp\/v2\/pages\/349\/revisions\/1298"}],"wp:attachment":[{"href":"https:\/\/darwinstrategies.com\/en\/wp-json\/wp\/v2\/media?parent=349"}],"curies":[{"name":"wp","href":"https:\/\/api.w.org\/{rel}","templated":true}]}}