{"id":319,"date":"2025-11-07T14:06:08","date_gmt":"2025-11-07T14:06:08","guid":{"rendered":"https:\/\/darwinstrategies.com\/?page_id=319"},"modified":"2026-04-13T14:13:46","modified_gmt":"2026-04-13T14:13:46","slug":"expertise-environnemental-et-climatique","status":"publish","type":"page","link":"https:\/\/darwinstrategies.com\/en\/expertise-environnemental-et-climatique\/","title":{"rendered":"Environmental and climate expertise"},"content":{"rendered":"<div data-elementor-type=\"wp-page\" data-elementor-id=\"319\" class=\"elementor elementor-319\" data-elementor-post-type=\"page\">\n\t\t\t\t<div class=\"elementor-element elementor-element-e968ebb e-flex e-con-boxed e-con e-parent\" data-id=\"e968ebb\" data-element_type=\"container\" data-e-type=\"container\">\n\t\t\t\t\t<div class=\"e-con-inner\">\n\t\t\t\t<div class=\"elementor-element elementor-element-f6b6d52 elementor-widget__width-inherit elementor-widget elementor-widget-heading\" data-id=\"f6b6d52\" data-element_type=\"widget\" data-e-type=\"widget\" data-widget_type=\"heading.default\">\n\t\t\t\t\t<h2 class=\"elementor-heading-title elementor-size-default\">Darwin Strategies<\/h2>\t\t\t\t<\/div>\n\t\t\t\t<div class=\"elementor-element elementor-element-e8a4481 elementor-widget__width-inherit elementor-widget-divider--view-line elementor-widget elementor-widget-divider\" data-id=\"e8a4481\" data-element_type=\"widget\" data-e-type=\"widget\" data-widget_type=\"divider.default\">\n\t\t\t\t\t\t\t<div class=\"elementor-divider\">\n\t\t\t<span class=\"elementor-divider-separator\">\n\t\t\t\t\t\t<\/span>\n\t\t<\/div>\n\t\t\t\t\t\t<\/div>\n\t\t\t\t<div class=\"elementor-element elementor-element-0d600d1 elementor-widget elementor-widget-heading\" data-id=\"0d600d1\" data-element_type=\"widget\" data-e-type=\"widget\" data-widget_type=\"heading.default\">\n\t\t\t\t\t<h2 class=\"elementor-heading-title elementor-size-default\">Face \u00e0 l'urgence climatique, une question fondamentale se pose : comment nous adapter aux transformations profondes de notre environnement ?<\/h2>\t\t\t\t<\/div>\n\t\t\t\t<div class=\"elementor-element elementor-element-39d8d9b elementor-widget elementor-widget-text-editor\" data-id=\"39d8d9b\" data-element_type=\"widget\" data-e-type=\"widget\" data-widget_type=\"text-editor.default\">\n\t\t\t\t\t\t\t\t\t<p>Nous vivons une \u00e9poque de bouleversements sans pr\u00e9c\u00e9dent :\u00a0 <strong>\u00ab\u00a0nous sommes dans une sorte de stupeur face au changement climatique. Nous n&rsquo;acceptons pas la situation, ce qui nous emp\u00eache de nous adapter et de nous projeter dans un futur. \u00bb<\/strong> Christian Clot.<\/p><p>Cette difficult\u00e9 \u00e0 accepter la r\u00e9alit\u00e9 du changement constitue le premier obstacle. Sans acceptation, pas d&rsquo;adaptation possible. C&rsquo;est pourquoi le travail du Human Adaptation Institute commence par cr\u00e9er une prise de conscience \u00e9motionnelle et physique du changement climatique.<\/p>\t\t\t\t\t\t\t\t<\/div>\n\t\t\t\t\t<\/div>\n\t\t\t\t<\/div>\n\t\t<div class=\"elementor-element elementor-element-5d89acd e-con-full e-flex e-con e-parent\" data-id=\"5d89acd\" data-element_type=\"container\" data-e-type=\"container\" data-settings=\"{&quot;background_background&quot;:&quot;classic&quot;}\">\n\t\t<div class=\"elementor-element elementor-element-90fac02 e-con-full e-flex e-con e-child\" data-id=\"90fac02\" data-element_type=\"container\" data-e-type=\"container\" data-settings=\"{&quot;background_background&quot;:&quot;classic&quot;}\">\n\t\t\t\t<\/div>\n\t\t<div class=\"elementor-element elementor-element-a5101e3 e-con-full e-flex e-con e-child\" data-id=\"a5101e3\" data-element_type=\"container\" data-e-type=\"container\" data-settings=\"{&quot;background_background&quot;:&quot;classic&quot;}\">\n\t\t\t\t<div class=\"elementor-element elementor-element-3787075 elementor-widget elementor-widget-heading\" data-id=\"3787075\" data-element_type=\"widget\" data-e-type=\"widget\" data-widget_type=\"heading.default\">\n\t\t\t\t\t<h2 class=\"elementor-heading-title elementor-size-default\">Le ressenti comme moteur du changement<\/h2>\t\t\t\t<\/div>\n\t\t\t\t<div class=\"elementor-element elementor-element-b948073 elementor-widget-divider--view-line elementor-widget elementor-widget-divider\" data-id=\"b948073\" data-element_type=\"widget\" data-e-type=\"widget\" data-widget_type=\"divider.default\">\n\t\t\t\t\t\t\t<div class=\"elementor-divider\">\n\t\t\t<span class=\"elementor-divider-separator\">\n\t\t\t\t\t\t<\/span>\n\t\t<\/div>\n\t\t\t\t\t\t<\/div>\n\t\t\t\t<div class=\"elementor-element elementor-element-281063c elementor-widget elementor-widget-text-editor\" data-id=\"281063c\" data-element_type=\"widget\" data-e-type=\"widget\" data-widget_type=\"text-editor.default\">\n\t\t\t\t\t\t\t\t\t<p>Les recherches du Human Adaptation Institute ont d\u00e9montr\u00e9 un ph\u00e9nom\u00e8ne crucial : les individus ne modifient pas leurs comportements tant qu\u2019ils n\u2019ont pas un ressenti \u00e9motionnel li\u00e9 au d\u00e9r\u00e8glement climatique. La th\u00e9orie ne suffit pas. C\u2019est pour cette raison que l\u2019institut a d\u00e9velopp\u00e9 des dispositifs comme la cabine Climate Sense, capable de recr\u00e9er des conditions extr\u00eames de 50\u00b0C, permettant aux participants d\u2019exp\u00e9rimenter physiquement la r\u00e9alit\u00e9 des vagues de chaleur futures.<\/p>\t\t\t\t\t\t\t\t<\/div>\n\t\t\t\t<\/div>\n\t\t<div class=\"elementor-element elementor-element-24932a5 e-con-full e-flex e-con e-child\" data-id=\"24932a5\" data-element_type=\"container\" data-e-type=\"container\" data-settings=\"{&quot;background_background&quot;:&quot;classic&quot;}\">\n\t\t\t\t<div class=\"elementor-element elementor-element-e01fbde elementor-widget elementor-widget-heading\" data-id=\"e01fbde\" data-element_type=\"widget\" data-e-type=\"widget\" data-widget_type=\"heading.default\">\n\t\t\t\t\t<h2 class=\"elementor-heading-title elementor-size-default\">Que signifie v\u00e9ritablement \"s'adapter\" ?<\/h2>\t\t\t\t<\/div>\n\t\t\t\t<div class=\"elementor-element elementor-element-490d975 elementor-widget-divider--view-line elementor-widget elementor-widget-divider\" data-id=\"490d975\" data-element_type=\"widget\" data-e-type=\"widget\" data-widget_type=\"divider.default\">\n\t\t\t\t\t\t\t<div class=\"elementor-divider\">\n\t\t\t<span class=\"elementor-divider-separator\">\n\t\t\t\t\t\t<\/span>\n\t\t<\/div>\n\t\t\t\t\t\t<\/div>\n\t\t\t\t<div class=\"elementor-element elementor-element-647bded elementor-widget elementor-widget-text-editor\" data-id=\"647bded\" data-element_type=\"widget\" data-e-type=\"widget\" data-widget_type=\"text-editor.default\">\n\t\t\t\t\t\t\t\t\t<p>L\u2019adaptation n\u2019est pas un simple ajustement superficiel. C\u2019est une transformation profonde qui touche \u00e0 la fois nos comportements individuels, nos organisations collectives et nos syst\u00e8mes sociaux. S\u2019adapter implique plusieurs dimensions essentielles :<\/p><p><strong>Une transformation personnelle et collective<\/strong><\/p><ul><li><p>Comprendre et se transformer en tant qu\u2019\u00eatre humain, ce qui implique de changer nos comportements quotidiens<\/p><\/li><li><p>Accepter de perdre certaines habitudes pour en gagner de nouvelles, plus adapt\u00e9es aux r\u00e9alit\u00e9s climatiques<\/p><\/li><li><p>Adapter nos syst\u00e8mes sociaux, notamment nos horaires de travail et nos modes d\u2019organisation<\/p><\/li><li><p>Repenser nos villes et nos infrastructures pour les rendre plus r\u00e9silientes<\/p><\/li><\/ul><p>20 ans d\u2019exp\u00e9ditions de recherche de terrain men\u00e9es men\u00e9es par Christian Clot et le Human Adaptation Institute ont apport\u00e9 des enseignements pr\u00e9cieux. Nos recherches sont men\u00e9es en situations r\u00e9elles, sur des humains, en tenant compte de tous les param\u00e8tres \u00e9cosyst\u00e9miques, physiologiques et cognitifs qui impactent l\u2019adaptation.<\/p><p>Les r\u00e9sultats permettent de proposer des programmes de formation, d\u2019accompagnement et de sensibilisation pour les organisations et les citoyens, afin de nous pr\u00e9parer au futur et, surtout, d\u2019agir en amont pour r\u00e9duire nos impacts actuels et construire un avenir plus d\u00e9sirable.<\/p>\t\t\t\t\t\t\t\t<\/div>\n\t\t\t\t<\/div>\n\t\t<div class=\"elementor-element elementor-element-29cf695 e-con-full e-flex e-con e-child\" data-id=\"29cf695\" data-element_type=\"container\" data-e-type=\"container\" data-settings=\"{&quot;background_background&quot;:&quot;classic&quot;}\">\n\t\t\t\t<\/div>\n\t\t<div class=\"elementor-element elementor-element-0dbc0ab e-con-full e-flex e-con e-child\" data-id=\"0dbc0ab\" data-element_type=\"container\" data-e-type=\"container\" data-settings=\"{&quot;background_background&quot;:&quot;classic&quot;}\">\n\t\t\t\t<\/div>\n\t\t<div class=\"elementor-element elementor-element-9ec365b e-con-full e-flex e-con e-child\" data-id=\"9ec365b\" data-element_type=\"container\" data-e-type=\"container\" data-settings=\"{&quot;background_background&quot;:&quot;classic&quot;}\">\n\t\t\t\t<div class=\"elementor-element elementor-element-f9fe4f0 elementor-widget elementor-widget-heading\" data-id=\"f9fe4f0\" data-element_type=\"widget\" data-e-type=\"widget\" data-widget_type=\"heading.default\">\n\t\t\t\t\t<h2 class=\"elementor-heading-title elementor-size-default\">Cr\u00e9er l'espace cognitif n\u00e9cessaire<\/h2>\t\t\t\t<\/div>\n\t\t\t\t<div class=\"elementor-element elementor-element-3301e98 elementor-widget-divider--view-line elementor-widget elementor-widget-divider\" data-id=\"3301e98\" data-element_type=\"widget\" data-e-type=\"widget\" data-widget_type=\"divider.default\">\n\t\t\t\t\t\t\t<div class=\"elementor-divider\">\n\t\t\t<span class=\"elementor-divider-separator\">\n\t\t\t\t\t\t<\/span>\n\t\t<\/div>\n\t\t\t\t\t\t<\/div>\n\t\t\t\t<div class=\"elementor-element elementor-element-ce3becb elementor-widget elementor-widget-text-editor\" data-id=\"ce3becb\" data-element_type=\"widget\" data-e-type=\"widget\" data-widget_type=\"text-editor.default\">\n\t\t\t\t\t\t\t\t\t<p>Une d\u00e9couverte majeure des recherches de Christian Clot concerne le besoin d\u2019espace cognitif. Pour s\u2019adapter et penser le futur, les \u00eatres humains ont besoin de temps pour leur cerveau. Ils doivent pouvoir imaginer, r\u00e9fl\u00e9chir et penser sans \u00eatre constamment sollicit\u00e9s. La sur-occupation mentale emp\u00eache cette r\u00e9flexion indispensable \u00e0 l\u2019adaptation.<\/p>\t\t\t\t\t\t\t\t<\/div>\n\t\t\t\t<\/div>\n\t\t<div class=\"elementor-element elementor-element-777bcb9 e-con-full e-flex e-con e-child\" data-id=\"777bcb9\" data-element_type=\"container\" data-e-type=\"container\" data-settings=\"{&quot;background_background&quot;:&quot;classic&quot;}\">\n\t\t\t\t<div class=\"elementor-element elementor-element-06f29bc elementor-widget elementor-widget-heading\" data-id=\"06f29bc\" data-element_type=\"widget\" data-e-type=\"widget\" data-widget_type=\"heading.default\">\n\t\t\t\t\t<h2 class=\"elementor-heading-title elementor-size-default\">La coop\u00e9ration comme cl\u00e9 de vo\u00fbte<\/h2>\t\t\t\t<\/div>\n\t\t\t\t<div class=\"elementor-element elementor-element-d4883c5 elementor-widget-divider--view-line elementor-widget elementor-widget-divider\" data-id=\"d4883c5\" data-element_type=\"widget\" data-e-type=\"widget\" data-widget_type=\"divider.default\">\n\t\t\t\t\t\t\t<div class=\"elementor-divider\">\n\t\t\t<span class=\"elementor-divider-separator\">\n\t\t\t\t\t\t<\/span>\n\t\t<\/div>\n\t\t\t\t\t\t<\/div>\n\t\t\t\t<div class=\"elementor-element elementor-element-2dbae66 elementor-widget elementor-widget-text-editor\" data-id=\"2dbae66\" data-element_type=\"widget\" data-e-type=\"widget\" data-widget_type=\"text-editor.default\">\n\t\t\t\t\t\t\t\t\t<p>Les exp\u00e9ditions du Human Adaptation Institute ont d\u00e9montr\u00e9 la puissance de la coop\u00e9ration. Des personnes sans exp\u00e9rience pr\u00e9alable des milieux extr\u00eames ont r\u00e9ussi \u00e0 traverser des environnements hostiles gr\u00e2ce \u00e0 une coop\u00e9ration efficace. Cette capacit\u00e9 \u00e0 travailler ensemble, \u00e0 se coordonner et \u00e0 s\u2019entraider constitue un levier essentiel pour faire face aux changements climatiques.<\/p>\t\t\t\t\t\t\t\t<\/div>\n\t\t\t\t<\/div>\n\t\t<div class=\"elementor-element elementor-element-8ffb10f e-con-full e-flex e-con e-child\" data-id=\"8ffb10f\" data-element_type=\"container\" data-e-type=\"container\" data-settings=\"{&quot;background_background&quot;:&quot;classic&quot;}\">\n\t\t\t\t<\/div>\n\t\t<div class=\"elementor-element elementor-element-0fe5757 e-con-full e-flex e-con e-child\" data-id=\"0fe5757\" data-element_type=\"container\" data-e-type=\"container\" data-settings=\"{&quot;background_background&quot;:&quot;classic&quot;}\">\n\t\t\t\t<\/div>\n\t\t<div class=\"elementor-element elementor-element-ea0b909 e-con-full e-flex e-con e-child\" data-id=\"ea0b909\" data-element_type=\"container\" data-e-type=\"container\" data-settings=\"{&quot;background_background&quot;:&quot;classic&quot;}\">\n\t\t\t\t<div class=\"elementor-element elementor-element-1e7789c elementor-widget elementor-widget-heading\" data-id=\"1e7789c\" data-element_type=\"widget\" data-e-type=\"widget\" data-widget_type=\"heading.default\">\n\t\t\t\t\t<h2 class=\"elementor-heading-title elementor-size-default\">Un message d'espoir fond\u00e9 sur la recherche<\/h2>\t\t\t\t<\/div>\n\t\t\t\t<div class=\"elementor-element elementor-element-6528857 elementor-widget-divider--view-line elementor-widget elementor-widget-divider\" data-id=\"6528857\" data-element_type=\"widget\" data-e-type=\"widget\" data-widget_type=\"divider.default\">\n\t\t\t\t\t\t\t<div class=\"elementor-divider\">\n\t\t\t<span class=\"elementor-divider-separator\">\n\t\t\t\t\t\t<\/span>\n\t\t<\/div>\n\t\t\t\t\t\t<\/div>\n\t\t\t\t<div class=\"elementor-element elementor-element-2dc7194 elementor-widget elementor-widget-text-editor\" data-id=\"2dc7194\" data-element_type=\"widget\" data-e-type=\"widget\" data-widget_type=\"text-editor.default\">\n\t\t\t\t\t\t\t\t\t<p>Contrairement \u00e0 une vision catastrophiste, Christian Clot porte un message d\u2019optimisme r\u00e9aliste. Ses travaux d\u00e9montrent que l\u2019adaptation est possible. Il a observ\u00e9 directement, sur le terrain, des \u00e9quipes s\u2019adapter avec succ\u00e8s \u00e0 des conditions extr\u00eames. Son parcours personnel t\u00e9moigne de cette \u00e9volution : d\u2019un \u00ab immense pessimiste \u00bb, il est devenu un \u00ab immense optimiste \u00bb gr\u00e2ce aux r\u00e9sultats de ses recherches.<\/p>\t\t\t\t\t\t\t\t<\/div>\n\t\t\t\t<\/div>\n\t\t\t\t<\/div>\n\t\t\t\t<\/div>","protected":false},"excerpt":{"rendered":"<p>Darwin Strategies Face \u00e0 l&rsquo;urgence climatique, une question fondamentale se pose : comment nous adapter aux transformations profondes de notre environnement ? Nous vivons une \u00e9poque de bouleversements sans pr\u00e9c\u00e9dent :\u00a0 \u00ab\u00a0nous sommes dans une sorte de stupeur face au changement climatique. Nous n&rsquo;acceptons pas la situation, ce qui nous emp\u00eache de nous adapter et [&hellip;]<\/p>\n","protected":false},"author":2,"featured_media":0,"parent":0,"menu_order":0,"comment_status":"closed","ping_status":"closed","template":"","meta":{"footnotes":""},"class_list":["post-319","page","type-page","status-publish","hentry"],"yoast_head":"<!-- This site is optimized with the Yoast SEO plugin v27.6 - https:\/\/yoast.com\/product\/yoast-seo-wordpress\/ -->\n<title>Expertise environnementale et climatique - Darwin<\/title>\n<meta name=\"robots\" content=\"index, follow, max-snippet:-1, max-image-preview:large, max-video-preview:-1\" \/>\n<link rel=\"canonical\" href=\"https:\/\/darwinstrategies.com\/en\/expertise-environnemental-et-climatique\/\" \/>\n<meta property=\"og:locale\" content=\"en_GB\" \/>\n<meta property=\"og:type\" content=\"article\" \/>\n<meta property=\"og:title\" content=\"Expertise environnementale et climatique - Darwin\" \/>\n<meta property=\"og:description\" content=\"Darwin Strategies Face \u00e0 l&rsquo;urgence climatique, une question fondamentale se pose : comment nous adapter aux transformations profondes de notre environnement ? Nous vivons une \u00e9poque de bouleversements sans pr\u00e9c\u00e9dent :\u00a0 \u00ab\u00a0nous sommes dans une sorte de stupeur face au changement climatique. Nous n&rsquo;acceptons pas la situation, ce qui nous emp\u00eache de nous adapter et [&hellip;]\" \/>\n<meta property=\"og:url\" content=\"https:\/\/darwinstrategies.com\/en\/expertise-environnemental-et-climatique\/\" \/>\n<meta property=\"og:site_name\" content=\"Darwin\" \/>\n<meta property=\"article:modified_time\" content=\"2026-04-13T14:13:46+00:00\" \/>\n<meta name=\"twitter:card\" content=\"summary_large_image\" \/>\n<meta name=\"twitter:label1\" content=\"Estimated reading time\" \/>\n\t<meta name=\"twitter:data1\" content=\"3 minutes\" \/>\n<script type=\"application\/ld+json\" class=\"yoast-schema-graph\">{\"@context\":\"https:\\\/\\\/schema.org\",\"@graph\":[{\"@type\":\"WebPage\",\"@id\":\"https:\\\/\\\/darwinstrategies.com\\\/expertise-environnemental-et-climatique\\\/\",\"url\":\"https:\\\/\\\/darwinstrategies.com\\\/expertise-environnemental-et-climatique\\\/\",\"name\":\"Expertise environnementale et climatique - Darwin\",\"isPartOf\":{\"@id\":\"https:\\\/\\\/darwinstrategies.com\\\/#website\"},\"datePublished\":\"2025-11-07T14:06:08+00:00\",\"dateModified\":\"2026-04-13T14:13:46+00:00\",\"breadcrumb\":{\"@id\":\"https:\\\/\\\/darwinstrategies.com\\\/expertise-environnemental-et-climatique\\\/#breadcrumb\"},\"inLanguage\":\"en-GB\",\"potentialAction\":[{\"@type\":\"ReadAction\",\"target\":[\"https:\\\/\\\/darwinstrategies.com\\\/expertise-environnemental-et-climatique\\\/\"]}]},{\"@type\":\"BreadcrumbList\",\"@id\":\"https:\\\/\\\/darwinstrategies.com\\\/expertise-environnemental-et-climatique\\\/#breadcrumb\",\"itemListElement\":[{\"@type\":\"ListItem\",\"position\":1,\"name\":\"Accueil\",\"item\":\"https:\\\/\\\/darwinstrategies.com\\\/\"},{\"@type\":\"ListItem\",\"position\":2,\"name\":\"Expertise environnementale et climatique\"}]},{\"@type\":\"WebSite\",\"@id\":\"https:\\\/\\\/darwinstrategies.com\\\/#website\",\"url\":\"https:\\\/\\\/darwinstrategies.com\\\/\",\"name\":\"Darwin\",\"description\":\"\",\"potentialAction\":[{\"@type\":\"SearchAction\",\"target\":{\"@type\":\"EntryPoint\",\"urlTemplate\":\"https:\\\/\\\/darwinstrategies.com\\\/?s={search_term_string}\"},\"query-input\":{\"@type\":\"PropertyValueSpecification\",\"valueRequired\":true,\"valueName\":\"search_term_string\"}}],\"inLanguage\":\"en-GB\"}]}<\/script>\n<!-- \/ Yoast SEO plugin. -->","yoast_head_json":{"title":"Expertise environnementale et climatique - Darwin","robots":{"index":"index","follow":"follow","max-snippet":"max-snippet:-1","max-image-preview":"max-image-preview:large","max-video-preview":"max-video-preview:-1"},"canonical":"https:\/\/darwinstrategies.com\/en\/expertise-environnemental-et-climatique\/","og_locale":"en_GB","og_type":"article","og_title":"Expertise environnementale et climatique - Darwin","og_description":"Darwin Strategies Face \u00e0 l&rsquo;urgence climatique, une question fondamentale se pose : comment nous adapter aux transformations profondes de notre environnement ? Nous vivons une \u00e9poque de bouleversements sans pr\u00e9c\u00e9dent :\u00a0 \u00ab\u00a0nous sommes dans une sorte de stupeur face au changement climatique. Nous n&rsquo;acceptons pas la situation, ce qui nous emp\u00eache de nous adapter et [&hellip;]","og_url":"https:\/\/darwinstrategies.com\/en\/expertise-environnemental-et-climatique\/","og_site_name":"Darwin","article_modified_time":"2026-04-13T14:13:46+00:00","twitter_card":"summary_large_image","twitter_misc":{"Estimated reading time":"3 minutes"},"schema":{"@context":"https:\/\/schema.org","@graph":[{"@type":"WebPage","@id":"https:\/\/darwinstrategies.com\/expertise-environnemental-et-climatique\/","url":"https:\/\/darwinstrategies.com\/expertise-environnemental-et-climatique\/","name":"Expertise environnementale et climatique - Darwin","isPartOf":{"@id":"https:\/\/darwinstrategies.com\/#website"},"datePublished":"2025-11-07T14:06:08+00:00","dateModified":"2026-04-13T14:13:46+00:00","breadcrumb":{"@id":"https:\/\/darwinstrategies.com\/expertise-environnemental-et-climatique\/#breadcrumb"},"inLanguage":"en-GB","potentialAction":[{"@type":"ReadAction","target":["https:\/\/darwinstrategies.com\/expertise-environnemental-et-climatique\/"]}]},{"@type":"BreadcrumbList","@id":"https:\/\/darwinstrategies.com\/expertise-environnemental-et-climatique\/#breadcrumb","itemListElement":[{"@type":"ListItem","position":1,"name":"Accueil","item":"https:\/\/darwinstrategies.com\/"},{"@type":"ListItem","position":2,"name":"Expertise environnementale et climatique"}]},{"@type":"WebSite","@id":"https:\/\/darwinstrategies.com\/#website","url":"https:\/\/darwinstrategies.com\/","name":"Darwin","description":"","potentialAction":[{"@type":"SearchAction","target":{"@type":"EntryPoint","urlTemplate":"https:\/\/darwinstrategies.com\/?s={search_term_string}"},"query-input":{"@type":"PropertyValueSpecification","valueRequired":true,"valueName":"search_term_string"}}],"inLanguage":"en-GB"}]}},"_links":{"self":[{"href":"https:\/\/darwinstrategies.com\/en\/wp-json\/wp\/v2\/pages\/319","targetHints":{"allow":["GET"]}}],"collection":[{"href":"https:\/\/darwinstrategies.com\/en\/wp-json\/wp\/v2\/pages"}],"about":[{"href":"https:\/\/darwinstrategies.com\/en\/wp-json\/wp\/v2\/types\/page"}],"author":[{"embeddable":true,"href":"https:\/\/darwinstrategies.com\/en\/wp-json\/wp\/v2\/users\/2"}],"replies":[{"embeddable":true,"href":"https:\/\/darwinstrategies.com\/en\/wp-json\/wp\/v2\/comments?post=319"}],"version-history":[{"count":26,"href":"https:\/\/darwinstrategies.com\/en\/wp-json\/wp\/v2\/pages\/319\/revisions"}],"predecessor-version":[{"id":1267,"href":"https:\/\/darwinstrategies.com\/en\/wp-json\/wp\/v2\/pages\/319\/revisions\/1267"}],"wp:attachment":[{"href":"https:\/\/darwinstrategies.com\/en\/wp-json\/wp\/v2\/media?parent=319"}],"curies":[{"name":"wp","href":"https:\/\/api.w.org\/{rel}","templated":true}]}}