{"id":277,"date":"2025-11-03T09:29:05","date_gmt":"2025-11-03T09:29:05","guid":{"rendered":"https:\/\/darwinstrategies.com\/?page_id=277"},"modified":"2026-05-15T08:37:24","modified_gmt":"2026-05-15T08:37:24","slug":"a-propos","status":"publish","type":"page","link":"https:\/\/darwinstrategies.com\/en\/a-propos\/","title":{"rendered":"About us"},"content":{"rendered":"<div data-elementor-type=\"wp-page\" data-elementor-id=\"277\" class=\"elementor elementor-277\" data-elementor-post-type=\"page\">\n\t\t\t\t<div class=\"elementor-element elementor-element-2aea1d3 e-con-full e-flex e-con e-parent\" data-id=\"2aea1d3\" data-element_type=\"container\" data-e-type=\"container\" data-settings=\"{&quot;background_background&quot;:&quot;classic&quot;}\">\n\t\t<div class=\"elementor-element elementor-element-dc61847 e-con-full e-flex e-con e-child\" data-id=\"dc61847\" data-element_type=\"container\" data-e-type=\"container\" data-settings=\"{&quot;background_background&quot;:&quot;classic&quot;}\">\n\t\t\t\t<div class=\"elementor-element elementor-element-e434fbe elementor-widget__width-inherit elementor-widget elementor-widget-heading\" data-id=\"e434fbe\" data-element_type=\"widget\" data-e-type=\"widget\" data-widget_type=\"heading.default\">\n\t\t\t\t\t<h2 class=\"elementor-heading-title elementor-size-default\">Darwin Strategies<\/h2>\t\t\t\t<\/div>\n\t\t\t\t<div class=\"elementor-element elementor-element-0650864 elementor-widget__width-inherit elementor-widget-divider--view-line elementor-widget elementor-widget-divider\" data-id=\"0650864\" data-element_type=\"widget\" data-e-type=\"widget\" data-widget_type=\"divider.default\">\n\t\t\t\t\t\t\t<div class=\"elementor-divider\">\n\t\t\t<span class=\"elementor-divider-separator\">\n\t\t\t\t\t\t<\/span>\n\t\t<\/div>\n\t\t\t\t\t\t<\/div>\n\t\t\t\t<div class=\"elementor-element elementor-element-79d6de2 elementor-widget elementor-widget-heading\" data-id=\"79d6de2\" data-element_type=\"widget\" data-e-type=\"widget\" data-widget_type=\"heading.default\">\n\t\t\t\t\t<h2 class=\"elementor-heading-title elementor-size-default\">\u00abWe develop people's ability to adapt\u00bb.\u00bb<\/h2>\t\t\t\t<\/div>\n\t\t\t\t<\/div>\n\t\t\t\t<\/div>\n\t\t<div class=\"elementor-element elementor-element-5a76a16 e-con-full e-flex e-con e-parent\" data-id=\"5a76a16\" data-element_type=\"container\" data-e-type=\"container\" data-settings=\"{&quot;background_background&quot;:&quot;classic&quot;}\">\n\t\t<div class=\"elementor-element elementor-element-e155cc5 e-con-full e-flex e-con e-child\" data-id=\"e155cc5\" data-element_type=\"container\" data-e-type=\"container\" data-settings=\"{&quot;background_background&quot;:&quot;classic&quot;}\">\n\t\t\t\t<div class=\"elementor-element elementor-element-e550c06 elementor-widget elementor-widget-heading\" data-id=\"e550c06\" data-element_type=\"widget\" data-e-type=\"widget\" data-widget_type=\"heading.default\">\n\t\t\t\t\t<h2 class=\"elementor-heading-title elementor-size-default\">Our vision<\/h2>\t\t\t\t<\/div>\n\t\t\t\t<div class=\"elementor-element elementor-element-e388df5 elementor-widget elementor-widget-text-editor\" data-id=\"e388df5\" data-element_type=\"widget\" data-e-type=\"widget\" data-widget_type=\"text-editor.default\">\n\t\t\t\t\t\t\t\t\t<p class=\"cvGsUA direction-ltr align-start para-style-body\"><span class=\"a_GcMg font-feature-liga-off font-feature-clig-off font-feature-calt-off text-decoration-none text-strikethrough-none\">S<\/span><span class=\"a_GcMg font-feature-liga-off font-feature-clig-off font-feature-calt-off text-decoration-none text-strikethrough-none\">A specialist in isolated and extreme conditions, Christian Clot has designed and led more than sixty missions and field research projects all over the world, on all types of territory, both land and sea.<\/span><\/p><p class=\"cvGsUA direction-ltr align-start para-style-body\"><span class=\"a_GcMg font-feature-liga-off font-feature-clig-off font-feature-calt-off text-decoration-none text-strikethrough-none\">He devised and led the first Deep Time mission \u00ab40 days outside time\u00bb, the 4\u00d730 days and Deep Climate missions in different climates, and has achieved several world firsts, including the first exploration of the centre of the Darwin Cordillera.<\/span><\/p><p>With the team at the Human Adaptation Institute, he launched Darwin Strategies, to respond to the challenges faced by businesses in building the world of tomorrow.\u00a0<\/p><p>\u00ab\u00a0<em>At 95 %, many of our \u00abadaptation plans\u00bb focus on structural, technological and legislative aspects, and very little on human factors. This is a triple error. No organisational change is possible without human adaptation. In these times of upheaval, this is also an incredible opportunity: the chance to reshape our world so that we can live in it more peacefully and in balance with all living things. That's our challenge today: to give hope to our future and to adapt so that it exists.<\/em>\u00ab\u00a0<\/p>\t\t\t\t\t\t\t\t<\/div>\n\t\t\t\t<div class=\"elementor-element elementor-element-38425d1 elementor-widget elementor-widget-text-editor\" data-id=\"38425d1\" data-element_type=\"widget\" data-e-type=\"widget\" data-widget_type=\"text-editor.default\">\n\t\t\t\t\t\t\t\t\t<p><strong>Christian Clot<\/strong><\/p><p><strong>Explorer-Researcher<\/strong><\/p><p><strong>Founder and CEO of the Human Adaptation Institute<\/strong><\/p>\t\t\t\t\t\t\t\t<\/div>\n\t\t\t\t<\/div>\n\t\t<div class=\"elementor-element elementor-element-3f89e04 e-con-full e-flex e-con e-child\" data-id=\"3f89e04\" data-element_type=\"container\" data-e-type=\"container\" data-settings=\"{&quot;background_background&quot;:&quot;classic&quot;}\">\n\t\t\t\t<\/div>\n\t\t\t\t<\/div>\n\t\t<div class=\"elementor-element elementor-element-11ad23d e-con-full e-flex e-con e-parent\" data-id=\"11ad23d\" data-element_type=\"container\" data-e-type=\"container\" data-settings=\"{&quot;background_background&quot;:&quot;classic&quot;}\">\n\t\t\t\t<div class=\"elementor-element elementor-element-47c7936 elementor-widget__width-inherit elementor-widget elementor-widget-heading\" data-id=\"47c7936\" data-element_type=\"widget\" data-e-type=\"widget\" data-widget_type=\"heading.default\">\n\t\t\t\t\t<h2 class=\"elementor-heading-title elementor-size-default\">Darwin Strategies<\/h2>\t\t\t\t<\/div>\n\t\t\t\t<div class=\"elementor-element elementor-element-77bb20f elementor-widget__width-inherit elementor-widget-divider--view-line elementor-widget elementor-widget-divider\" data-id=\"77bb20f\" data-element_type=\"widget\" data-e-type=\"widget\" data-widget_type=\"divider.default\">\n\t\t\t\t\t\t\t<div class=\"elementor-divider\">\n\t\t\t<span class=\"elementor-divider-separator\">\n\t\t\t\t\t\t<\/span>\n\t\t<\/div>\n\t\t\t\t\t\t<\/div>\n\t\t\t\t<div class=\"elementor-element elementor-element-51370ae elementor-widget__width-inherit elementor-widget elementor-widget-heading\" data-id=\"51370ae\" data-element_type=\"widget\" data-e-type=\"widget\" data-widget_type=\"heading.default\">\n\t\t\t\t\t<h2 class=\"elementor-heading-title elementor-size-default\">Our fundamentals<\/h2>\t\t\t\t<\/div>\n\t\t<div class=\"elementor-element elementor-element-350bc2a e-con-full e-flex e-con e-child\" data-id=\"350bc2a\" data-element_type=\"container\" data-e-type=\"container\" data-settings=\"{&quot;background_background&quot;:&quot;classic&quot;}\">\n\t\t\t\t<div class=\"elementor-element elementor-element-ef4ca51 elementor-widget elementor-widget-heading\" data-id=\"ef4ca51\" data-element_type=\"widget\" data-e-type=\"widget\" data-widget_type=\"heading.default\">\n\t\t\t\t\t<h2 class=\"elementor-heading-title elementor-size-default\">LAND<\/h2>\t\t\t\t<\/div>\n\t\t\t\t<div class=\"elementor-element elementor-element-f303f85 elementor-widget__width-inherit elementor-widget-divider--view-line elementor-widget elementor-widget-divider\" data-id=\"f303f85\" data-element_type=\"widget\" data-e-type=\"widget\" data-widget_type=\"divider.default\">\n\t\t\t\t\t\t\t<div class=\"elementor-divider\">\n\t\t\t<span class=\"elementor-divider-separator\">\n\t\t\t\t\t\t<\/span>\n\t\t<\/div>\n\t\t\t\t\t\t<\/div>\n\t\t\t\t<div class=\"elementor-element elementor-element-097d162 elementor-widget elementor-widget-text-editor\" data-id=\"097d162\" data-element_type=\"widget\" data-e-type=\"widget\" data-widget_type=\"text-editor.default\">\n\t\t\t\t\t\t\t\t\t<p>Being in touch with reality, unfiltered, without catastrophism or denial.<\/p>\t\t\t\t\t\t\t\t<\/div>\n\t\t\t\t<\/div>\n\t\t<div class=\"elementor-element elementor-element-4198177 e-con-full e-flex e-con e-child\" data-id=\"4198177\" data-element_type=\"container\" data-e-type=\"container\" data-settings=\"{&quot;background_background&quot;:&quot;classic&quot;}\">\n\t\t\t\t<div class=\"elementor-element elementor-element-e83d694 elementor-widget elementor-widget-heading\" data-id=\"e83d694\" data-element_type=\"widget\" data-e-type=\"widget\" data-widget_type=\"heading.default\">\n\t\t\t\t\t<h2 class=\"elementor-heading-title elementor-size-default\">EXPLORATION<\/h2>\t\t\t\t<\/div>\n\t\t\t\t<div class=\"elementor-element elementor-element-a854f80 elementor-widget__width-inherit elementor-widget-divider--view-line elementor-widget elementor-widget-divider\" data-id=\"a854f80\" data-element_type=\"widget\" data-e-type=\"widget\" data-widget_type=\"divider.default\">\n\t\t\t\t\t\t\t<div class=\"elementor-divider\">\n\t\t\t<span class=\"elementor-divider-separator\">\n\t\t\t\t\t\t<\/span>\n\t\t<\/div>\n\t\t\t\t\t\t<\/div>\n\t\t\t\t<div class=\"elementor-element elementor-element-ac39a7d elementor-widget elementor-widget-text-editor\" data-id=\"ac39a7d\" data-element_type=\"widget\" data-e-type=\"widget\" data-widget_type=\"text-editor.default\">\n\t\t\t\t\t\t\t\t\t<p>We see the individual, the group and the organisation as inseparable levers for adaptation.<\/p>\t\t\t\t\t\t\t\t<\/div>\n\t\t\t\t<\/div>\n\t\t<div class=\"elementor-element elementor-element-6a6bdcd e-con-full e-flex e-con e-child\" data-id=\"6a6bdcd\" data-element_type=\"container\" data-e-type=\"container\" data-settings=\"{&quot;background_background&quot;:&quot;classic&quot;}\">\n\t\t\t\t<div class=\"elementor-element elementor-element-381f39f elementor-widget elementor-widget-heading\" data-id=\"381f39f\" data-element_type=\"widget\" data-e-type=\"widget\" data-widget_type=\"heading.default\">\n\t\t\t\t\t<h2 class=\"elementor-heading-title elementor-size-default\">SCIENTIFIC RIGOUR<\/h2>\t\t\t\t<\/div>\n\t\t\t\t<div class=\"elementor-element elementor-element-31b14ec elementor-widget__width-inherit elementor-widget-divider--view-line elementor-widget elementor-widget-divider\" data-id=\"31b14ec\" data-element_type=\"widget\" data-e-type=\"widget\" data-widget_type=\"divider.default\">\n\t\t\t\t\t\t\t<div class=\"elementor-divider\">\n\t\t\t<span class=\"elementor-divider-separator\">\n\t\t\t\t\t\t<\/span>\n\t\t<\/div>\n\t\t\t\t\t\t<\/div>\n\t\t\t\t<div class=\"elementor-element elementor-element-9106013 elementor-widget elementor-widget-text-editor\" data-id=\"9106013\" data-element_type=\"widget\" data-e-type=\"widget\" data-widget_type=\"text-editor.default\">\n\t\t\t\t\t\t\t\t\t<p>Data, protocols, measurement, not just hunches.<\/p>\t\t\t\t\t\t\t\t<\/div>\n\t\t\t\t<\/div>\n\t\t<div class=\"elementor-element elementor-element-b556f85 e-con-full e-flex e-con e-child\" data-id=\"b556f85\" data-element_type=\"container\" data-e-type=\"container\" data-settings=\"{&quot;background_background&quot;:&quot;classic&quot;}\">\n\t\t\t\t<div class=\"elementor-element elementor-element-76bf63c elementor-widget elementor-widget-heading\" data-id=\"76bf63c\" data-element_type=\"widget\" data-e-type=\"widget\" data-widget_type=\"heading.default\">\n\t\t\t\t\t<h2 class=\"elementor-heading-title elementor-size-default\">TRANSMISSION<\/h2>\t\t\t\t<\/div>\n\t\t\t\t<div class=\"elementor-element elementor-element-b78577c elementor-widget__width-inherit elementor-widget-divider--view-line elementor-widget elementor-widget-divider\" data-id=\"b78577c\" data-element_type=\"widget\" data-e-type=\"widget\" data-widget_type=\"divider.default\">\n\t\t\t\t\t\t\t<div class=\"elementor-divider\">\n\t\t\t<span class=\"elementor-divider-separator\">\n\t\t\t\t\t\t<\/span>\n\t\t<\/div>\n\t\t\t\t\t\t<\/div>\n\t\t\t\t<div class=\"elementor-element elementor-element-5fa7822 elementor-widget elementor-widget-text-editor\" data-id=\"5fa7822\" data-element_type=\"widget\" data-e-type=\"widget\" data-widget_type=\"text-editor.default\">\n\t\t\t\t\t\t\t\t\t<p>Sharing what we learn in the field.<\/p>\t\t\t\t\t\t\t\t<\/div>\n\t\t\t\t<\/div>\n\t\t<div class=\"elementor-element elementor-element-902a391 e-con-full e-flex e-con e-child\" data-id=\"902a391\" data-element_type=\"container\" data-e-type=\"container\" data-settings=\"{&quot;background_background&quot;:&quot;classic&quot;}\">\n\t\t\t\t<div class=\"elementor-element elementor-element-fb9b2b2 elementor-widget elementor-widget-heading\" data-id=\"fb9b2b2\" data-element_type=\"widget\" data-e-type=\"widget\" data-widget_type=\"heading.default\">\n\t\t\t\t\t<h2 class=\"elementor-heading-title elementor-size-default\">HUMANITY<\/h2>\t\t\t\t<\/div>\n\t\t\t\t<div class=\"elementor-element elementor-element-866e65d elementor-widget__width-inherit elementor-widget-divider--view-line elementor-widget elementor-widget-divider\" data-id=\"866e65d\" data-element_type=\"widget\" data-e-type=\"widget\" data-widget_type=\"divider.default\">\n\t\t\t\t\t\t\t<div class=\"elementor-divider\">\n\t\t\t<span class=\"elementor-divider-separator\">\n\t\t\t\t\t\t<\/span>\n\t\t<\/div>\n\t\t\t\t\t\t<\/div>\n\t\t\t\t<div class=\"elementor-element elementor-element-835965f elementor-widget elementor-widget-text-editor\" data-id=\"835965f\" data-element_type=\"widget\" data-e-type=\"widget\" data-widget_type=\"text-editor.default\">\n\t\t\t\t\t\t\t\t\t<p>Organisational effectiveness depends on people.<\/p>\t\t\t\t\t\t\t\t<\/div>\n\t\t\t\t<\/div>\n\t\t<div class=\"elementor-element elementor-element-76c9ab8 e-con-full e-flex e-con e-child\" data-id=\"76c9ab8\" data-element_type=\"container\" data-e-type=\"container\" data-settings=\"{&quot;background_background&quot;:&quot;classic&quot;}\">\n\t\t\t\t<div class=\"elementor-element elementor-element-463f0c2 elementor-widget elementor-widget-heading\" data-id=\"463f0c2\" data-element_type=\"widget\" data-e-type=\"widget\" data-widget_type=\"heading.default\">\n\t\t\t\t\t<h2 class=\"elementor-heading-title elementor-size-default\">CURIOSITY<\/h2>\t\t\t\t<\/div>\n\t\t\t\t<div class=\"elementor-element elementor-element-6f6fab3 elementor-widget__width-inherit elementor-widget-divider--view-line elementor-widget elementor-widget-divider\" data-id=\"6f6fab3\" data-element_type=\"widget\" data-e-type=\"widget\" data-widget_type=\"divider.default\">\n\t\t\t\t\t\t\t<div class=\"elementor-divider\">\n\t\t\t<span class=\"elementor-divider-separator\">\n\t\t\t\t\t\t<\/span>\n\t\t<\/div>\n\t\t\t\t\t\t<\/div>\n\t\t\t\t<div class=\"elementor-element elementor-element-4771e5c elementor-widget elementor-widget-text-editor\" data-id=\"4771e5c\" data-element_type=\"widget\" data-e-type=\"widget\" data-widget_type=\"text-editor.default\">\n\t\t\t\t\t\t\t\t\t<p>Wonder as a driver of positive engagement.<\/p>\t\t\t\t\t\t\t\t<\/div>\n\t\t\t\t<\/div>\n\t\t\t\t<\/div>\n\t\t<div class=\"elementor-element elementor-element-0009b8f e-con-full e-flex e-con e-parent\" data-id=\"0009b8f\" data-element_type=\"container\" data-e-type=\"container\" data-settings=\"{&quot;background_background&quot;:&quot;classic&quot;}\">\n\t\t<div class=\"elementor-element elementor-element-afe6864 e-con-full e-flex e-con e-child\" data-id=\"afe6864\" data-element_type=\"container\" data-e-type=\"container\" data-settings=\"{&quot;background_background&quot;:&quot;classic&quot;}\">\n\t\t\t\t<div class=\"elementor-element elementor-element-825bda5 elementor-widget elementor-widget-heading\" data-id=\"825bda5\" data-element_type=\"widget\" data-e-type=\"widget\" data-widget_type=\"heading.default\">\n\t\t\t\t\t<h2 class=\"elementor-heading-title elementor-size-default\">The Human Adaptation Institute ecosystem<\/h2>\t\t\t\t<\/div>\n\t\t\t\t<div class=\"elementor-element elementor-element-df564fe elementor-widget elementor-widget-text-editor\" data-id=\"df564fe\" data-element_type=\"widget\" data-e-type=\"widget\" data-widget_type=\"text-editor.default\">\n\t\t\t\t\t\t\t\t\t<p>Darwin Strategies is part of the <strong>HAI group<\/strong>, alongside <strong>Human Adaptation Institute<\/strong>, d\u2019<strong>Adaptation Research Fund<\/strong>\u00a0and <strong>Darwin Production<\/strong>. Together, we combine research, consultancy and experimentation to support human and organisational transformation in a changing world.<\/p>\t\t\t\t\t\t\t\t<\/div>\n\t\t\t\t<\/div>\n\t\t\t\t<\/div>\n\t\t\t\t<\/div>","protected":false},"excerpt":{"rendered":"<p>Darwin Strategies \u00ab Nous d\u00e9veloppons les capacit\u00e9s humaines d\u2019adaptation \u00bb Notre vision Sp\u00e9cialiste des conditions isol\u00e9es et extr\u00eames, Christian Clot a con\u00e7u et men\u00e9 plus d\u2019une soixantaine de missions et de recherches de terrain dans le monde entier, sur tous les territoires, terrestres comme marins. Il a imagin\u00e9 et conduit la premi\u00e8re mission Deep Time [&hellip;]<\/p>\n","protected":false},"author":1,"featured_media":0,"parent":0,"menu_order":0,"comment_status":"closed","ping_status":"closed","template":"","meta":{"footnotes":""},"class_list":["post-277","page","type-page","status-publish","hentry"],"yoast_head":"<!-- This site is optimized with the Yoast SEO plugin v27.6 - https:\/\/yoast.com\/product\/yoast-seo-wordpress\/ -->\n<title>A propos - Darwin<\/title>\n<meta name=\"description\" content=\"Rencontrez Christian Clot et l&#039;\u00e9quipe Darwin Strategies. Alliez rigueur scientifique et exploration pour transformer votre organisation.\" \/>\n<meta name=\"robots\" content=\"index, follow, max-snippet:-1, max-image-preview:large, max-video-preview:-1\" \/>\n<link rel=\"canonical\" href=\"https:\/\/darwinstrategies.com\/en\/a-propos\/\" \/>\n<meta property=\"og:locale\" content=\"en_GB\" \/>\n<meta property=\"og:type\" content=\"article\" \/>\n<meta property=\"og:title\" content=\"A propos - Darwin\" \/>\n<meta property=\"og:description\" content=\"Rencontrez Christian Clot et l&#039;\u00e9quipe Darwin Strategies. Alliez rigueur scientifique et exploration pour transformer votre organisation.\" \/>\n<meta property=\"og:url\" content=\"https:\/\/darwinstrategies.com\/en\/a-propos\/\" \/>\n<meta property=\"og:site_name\" content=\"Darwin\" \/>\n<meta property=\"article:modified_time\" content=\"2026-05-15T08:37:24+00:00\" \/>\n<meta name=\"twitter:card\" content=\"summary_large_image\" \/>\n<meta name=\"twitter:label1\" content=\"Estimated reading time\" \/>\n\t<meta name=\"twitter:data1\" content=\"2 minutes\" \/>\n<script type=\"application\/ld+json\" class=\"yoast-schema-graph\">{\"@context\":\"https:\\\/\\\/schema.org\",\"@graph\":[{\"@type\":\"WebPage\",\"@id\":\"https:\\\/\\\/darwinstrategies.com\\\/a-propos\\\/\",\"url\":\"https:\\\/\\\/darwinstrategies.com\\\/a-propos\\\/\",\"name\":\"A propos - Darwin\",\"isPartOf\":{\"@id\":\"https:\\\/\\\/darwinstrategies.com\\\/#website\"},\"datePublished\":\"2025-11-03T09:29:05+00:00\",\"dateModified\":\"2026-05-15T08:37:24+00:00\",\"description\":\"Rencontrez Christian Clot et l'\u00e9quipe Darwin Strategies. Alliez rigueur scientifique et exploration pour transformer votre organisation.\",\"breadcrumb\":{\"@id\":\"https:\\\/\\\/darwinstrategies.com\\\/a-propos\\\/#breadcrumb\"},\"inLanguage\":\"en-GB\",\"potentialAction\":[{\"@type\":\"ReadAction\",\"target\":[\"https:\\\/\\\/darwinstrategies.com\\\/a-propos\\\/\"]}]},{\"@type\":\"BreadcrumbList\",\"@id\":\"https:\\\/\\\/darwinstrategies.com\\\/a-propos\\\/#breadcrumb\",\"itemListElement\":[{\"@type\":\"ListItem\",\"position\":1,\"name\":\"Accueil\",\"item\":\"https:\\\/\\\/darwinstrategies.com\\\/\"},{\"@type\":\"ListItem\",\"position\":2,\"name\":\"A propos\"}]},{\"@type\":\"WebSite\",\"@id\":\"https:\\\/\\\/darwinstrategies.com\\\/#website\",\"url\":\"https:\\\/\\\/darwinstrategies.com\\\/\",\"name\":\"Darwin\",\"description\":\"\",\"potentialAction\":[{\"@type\":\"SearchAction\",\"target\":{\"@type\":\"EntryPoint\",\"urlTemplate\":\"https:\\\/\\\/darwinstrategies.com\\\/?s={search_term_string}\"},\"query-input\":{\"@type\":\"PropertyValueSpecification\",\"valueRequired\":true,\"valueName\":\"search_term_string\"}}],\"inLanguage\":\"en-GB\"}]}<\/script>\n<!-- \/ Yoast SEO plugin. -->","yoast_head_json":{"title":"A propos - Darwin","description":"Rencontrez Christian Clot et l'\u00e9quipe Darwin Strategies. Alliez rigueur scientifique et exploration pour transformer votre organisation.","robots":{"index":"index","follow":"follow","max-snippet":"max-snippet:-1","max-image-preview":"max-image-preview:large","max-video-preview":"max-video-preview:-1"},"canonical":"https:\/\/darwinstrategies.com\/en\/a-propos\/","og_locale":"en_GB","og_type":"article","og_title":"A propos - Darwin","og_description":"Rencontrez Christian Clot et l'\u00e9quipe Darwin Strategies. Alliez rigueur scientifique et exploration pour transformer votre organisation.","og_url":"https:\/\/darwinstrategies.com\/en\/a-propos\/","og_site_name":"Darwin","article_modified_time":"2026-05-15T08:37:24+00:00","twitter_card":"summary_large_image","twitter_misc":{"Estimated reading time":"2 minutes"},"schema":{"@context":"https:\/\/schema.org","@graph":[{"@type":"WebPage","@id":"https:\/\/darwinstrategies.com\/a-propos\/","url":"https:\/\/darwinstrategies.com\/a-propos\/","name":"A propos - Darwin","isPartOf":{"@id":"https:\/\/darwinstrategies.com\/#website"},"datePublished":"2025-11-03T09:29:05+00:00","dateModified":"2026-05-15T08:37:24+00:00","description":"Rencontrez Christian Clot et l'\u00e9quipe Darwin Strategies. Alliez rigueur scientifique et exploration pour transformer votre organisation.","breadcrumb":{"@id":"https:\/\/darwinstrategies.com\/a-propos\/#breadcrumb"},"inLanguage":"en-GB","potentialAction":[{"@type":"ReadAction","target":["https:\/\/darwinstrategies.com\/a-propos\/"]}]},{"@type":"BreadcrumbList","@id":"https:\/\/darwinstrategies.com\/a-propos\/#breadcrumb","itemListElement":[{"@type":"ListItem","position":1,"name":"Accueil","item":"https:\/\/darwinstrategies.com\/"},{"@type":"ListItem","position":2,"name":"A propos"}]},{"@type":"WebSite","@id":"https:\/\/darwinstrategies.com\/#website","url":"https:\/\/darwinstrategies.com\/","name":"Darwin","description":"","potentialAction":[{"@type":"SearchAction","target":{"@type":"EntryPoint","urlTemplate":"https:\/\/darwinstrategies.com\/?s={search_term_string}"},"query-input":{"@type":"PropertyValueSpecification","valueRequired":true,"valueName":"search_term_string"}}],"inLanguage":"en-GB"}]}},"_links":{"self":[{"href":"https:\/\/darwinstrategies.com\/en\/wp-json\/wp\/v2\/pages\/277","targetHints":{"allow":["GET"]}}],"collection":[{"href":"https:\/\/darwinstrategies.com\/en\/wp-json\/wp\/v2\/pages"}],"about":[{"href":"https:\/\/darwinstrategies.com\/en\/wp-json\/wp\/v2\/types\/page"}],"author":[{"embeddable":true,"href":"https:\/\/darwinstrategies.com\/en\/wp-json\/wp\/v2\/users\/1"}],"replies":[{"embeddable":true,"href":"https:\/\/darwinstrategies.com\/en\/wp-json\/wp\/v2\/comments?post=277"}],"version-history":[{"count":80,"href":"https:\/\/darwinstrategies.com\/en\/wp-json\/wp\/v2\/pages\/277\/revisions"}],"predecessor-version":[{"id":1616,"href":"https:\/\/darwinstrategies.com\/en\/wp-json\/wp\/v2\/pages\/277\/revisions\/1616"}],"wp:attachment":[{"href":"https:\/\/darwinstrategies.com\/en\/wp-json\/wp\/v2\/media?parent=277"}],"curies":[{"name":"wp","href":"https:\/\/api.w.org\/{rel}","templated":true}]}}