{"id":1627,"date":"2026-05-15T09:18:20","date_gmt":"2026-05-15T09:18:20","guid":{"rendered":"https:\/\/darwinstrategies.com\/?page_id=1627"},"modified":"2026-05-15T09:22:11","modified_gmt":"2026-05-15T09:22:11","slug":"mentions-legales","status":"publish","type":"page","link":"https:\/\/darwinstrategies.com\/en\/mentions-legales\/","title":{"rendered":"Legal information"},"content":{"rendered":"<div data-elementor-type=\"wp-page\" data-elementor-id=\"1627\" class=\"elementor elementor-1627\" data-elementor-post-type=\"page\">\n\t\t\t\t<div class=\"elementor-element elementor-element-cd0858c e-flex e-con-boxed e-con e-parent\" data-id=\"cd0858c\" data-element_type=\"container\" data-e-type=\"container\">\n\t\t\t\t\t<div class=\"e-con-inner\">\n\t\t\t\t<div class=\"elementor-element elementor-element-40f6ab5 elementor-widget elementor-widget-text-editor\" data-id=\"40f6ab5\" data-element_type=\"widget\" data-e-type=\"widget\" data-widget_type=\"text-editor.default\">\n\t\t\t\t\t\t\t\t\t<h1 data-path-to-node=\"2\">Legal information<\/h1><p data-path-to-node=\"3\">In accordance with the provisions of Articles 6-III and 19 of Law No. 2004-575 of 21 June 2004 on Confidence in the Digital Economy (L.C.E.N.), users of the website are hereby informed that <a class=\"ng-star-inserted\" href=\"https:\/\/darwinstrategies.com\/en\/\" target=\"_blank\" rel=\"noopener\">https:\/\/darwinstrategies.com\/<\/a> the identity of the various parties involved in its implementation and monitoring:<\/p><h3 data-path-to-node=\"4\">1. Presentation of the website<\/h3><ul data-path-to-node=\"5\"><li><p data-path-to-node=\"5,0,0\"><b data-path-to-node=\"5,0,0\" data-index-in-node=\"0\">Owner<\/b> SAS Adaptation Institute<\/p><\/li><li><p data-path-to-node=\"5,1,0\"><b data-path-to-node=\"5,1,0\" data-index-in-node=\"0\">Registered office address<\/b> 15 Rue de la Paix, 75002 Paris, France<\/p><\/li><li><p data-path-to-node=\"5,2,0\"><b data-path-to-node=\"5,2,0\" data-index-in-node=\"0\">Person responsible for the publication<\/b> : Benoit Galy - contact@adaptation-institute.com<\/p><\/li><li><p data-path-to-node=\"5,3,0\"><b data-path-to-node=\"5,3,0\" data-index-in-node=\"0\">Data Protection Officer (DPO)<\/b> : Benoit Galy - dpo@adaptation-institute.com<\/p><\/li><li><p data-path-to-node=\"5,4,0\"><b data-path-to-node=\"5,4,0\" data-index-in-node=\"0\">Webmaster<\/b> Adaptation Institute Technical Team - contact@adaptation-institute.com<\/p><\/li><\/ul><h3 data-path-to-node=\"6\">2. Design and production<\/h3><p data-path-to-node=\"7\">The site was designed and produced by :<\/p><ul data-path-to-node=\"8\"><li><p data-path-to-node=\"8,0,0\"><b data-path-to-node=\"8,0,0\" data-index-in-node=\"0\">Agency<\/b> SAS CONCILIUM<\/p><\/li><li><p data-path-to-node=\"8,1,0\"><b data-path-to-node=\"8,1,0\" data-index-in-node=\"0\">Head office<\/b> 7-14 Cit\u00e9 Griset, 75011 Paris<\/p><\/li><li><p data-path-to-node=\"8,2,0\"><b data-path-to-node=\"8,2,0\" data-index-in-node=\"0\">Manager<\/b> Thomas Kolb\u00e9<\/p><\/li><li><p data-path-to-node=\"8,3,0\"><b data-path-to-node=\"8,3,0\" data-index-in-node=\"0\">Website<\/b> : <a class=\"ng-star-inserted\" href=\"https:\/\/concilium.digital\" target=\"_blank\" rel=\"noopener\">https:\/\/concilium.digital<\/a><\/p><\/li><\/ul><h3 data-path-to-node=\"9\">3. Hosting<\/h3><p data-path-to-node=\"10\">The site is hosted by :<\/p><ul data-path-to-node=\"11\"><li><p data-path-to-node=\"11,0,0\"><b data-path-to-node=\"11,0,0\" data-index-in-node=\"0\">Host<\/b> Hostinger International Ltd.<\/p><\/li><li><p data-path-to-node=\"11,1,0\"><b data-path-to-node=\"11,1,0\" data-index-in-node=\"0\">Address<\/b> 61 Lordou Vironos Street, 6023 Larnaca, Cyprus<\/p><\/li><li><p data-path-to-node=\"11,2,0\"><b data-path-to-node=\"11,2,0\" data-index-in-node=\"0\">Contact<\/b> : <a class=\"ng-star-inserted\" href=\"https:\/\/www.hostinger.fr\/contact\" target=\"_blank\" rel=\"noopener\">https:\/\/www.hostinger.fr\/contact<\/a><\/p><\/li><\/ul><h3 data-path-to-node=\"12\">4. General Terms and Conditions of Use (GTCU)<\/h3><p data-path-to-node=\"13\">Use of the site <a class=\"ng-star-inserted\" href=\"https:\/\/darwinstrategies.com\/en\/\" target=\"_blank\" rel=\"noopener\">https:\/\/darwinstrategies.com\/<\/a> implies full acceptance of the general conditions of use. These may be amended or supplemented at any time. The site constitutes an intellectual work protected by the provisions of the French Intellectual Property Code. Users may not in any way reuse, transfer or exploit for their own purposes all or part of the elements of the Site.<\/p><h3 data-path-to-node=\"14\">5. Description of services provided<\/h3><p data-path-to-node=\"15\">The website <a class=\"ng-star-inserted\" href=\"https:\/\/darwinstrategies.com\/en\/\" target=\"_blank\" rel=\"noopener\">https:\/\/darwinstrategies.com\/<\/a> is to provide information concerning all of the company's activities. The publisher endeavours to provide information that is as accurate as possible. However, it cannot be held responsible for any omissions or inaccuracies in the update, whether caused by itself or by third-party partners.<\/p><h3 data-path-to-node=\"16\">6. Intellectual property and counterfeiting<\/h3><p data-path-to-node=\"17\">SAS Adaptation Institute is the owner of the intellectual property rights or holds the rights of use on all the elements accessible on the website, in particular the texts, images, graphics, logos, videos, icons and sounds. Any reproduction, representation, modification, publication or adaptation of all or part of the elements of the site, whatever the means or the process used, is prohibited, except with prior written authorisation. Any unauthorised use will be deemed to constitute an infringement and will be prosecuted in accordance with the provisions of articles L.335-2 et seq. of the French Intellectual Property Code.<\/p><h3 data-path-to-node=\"18\">7. Limitation of liability<\/h3><p data-path-to-node=\"19\">The publisher cannot be held responsible for any direct or indirect damage caused to the user's equipment when accessing the site. Interactive areas (contact form) are available to users. The publisher reserves the right to delete, without prior notice, any content posted in this area that contravenes the legislation applicable in France.<\/p><h3 data-path-to-node=\"20\">8. Personal data management (RGPD)<\/h3><p data-path-to-node=\"21\">The party responsible for processing personal data is <b data-path-to-node=\"21\" data-index-in-node=\"61\">SAS Adaptation Institute<\/b>. The site undertakes to comply with the legal provisions in force (French Data Protection Act and RGPD). The data collected (via forms) is used for :<\/p><ul data-path-to-node=\"22\"><li><p data-path-to-node=\"22,0,0\">Responding to requests for contact and support.<\/p><\/li><li><p data-path-to-node=\"22,1,0\">To improve site navigation.<\/p><\/li><li><p data-path-to-node=\"22,2,0\">Communication campaigns (emailing).<\/p><\/li><\/ul><p data-path-to-node=\"23\">In accordance with European regulations, users have the right to access, rectify, object to and delete their data. To exercise this right, please contact the DPO at the address below: <b data-path-to-node=\"23\" data-index-in-node=\"213\">dpo@adaptation-institute.com<\/b>.<\/p><h3 data-path-to-node=\"24\">9. Hyperlinks and Cookies<\/h3><p data-path-to-node=\"25\">The site contains links to other sites but accepts no responsibility for the content of these third-party sites. Browsing the site may cause cookies to be installed on the user's computer. A cookie records information relating to browsing but does not allow the user to be identified. You can configure your browser to refuse the installation of cookies.<\/p><h3 data-path-to-node=\"26\">10. Applicable law and jurisdiction<\/h3><p data-path-to-node=\"27\">Any dispute relating to the use of the site <a class=\"ng-star-inserted\" href=\"https:\/\/darwinstrategies.com\/en\/\" target=\"_blank\" rel=\"noopener\">https:\/\/darwinstrategies.com\/<\/a> is governed by French law. Exclusive jurisdiction is granted to the competent courts of <b data-path-to-node=\"27\" data-index-in-node=\"188\">Paris<\/b>.<\/p>\t\t\t\t\t\t\t\t<\/div>\n\t\t\t\t\t<\/div>\n\t\t\t\t<\/div>\n\t\t\t\t<\/div>","protected":false},"excerpt":{"rendered":"<p>Mentions L\u00e9gales Conform\u00e9ment aux dispositions des articles 6-III et 19 de la Loi n\u00b0 2004-575 du 21 juin 2004 pour la Confiance dans l&rsquo;\u00e9conomie num\u00e9rique (L.C.E.N.), il est pr\u00e9cis\u00e9 aux utilisateurs du site https:\/\/darwinstrategies.com\/ l&rsquo;identit\u00e9 des diff\u00e9rents intervenants dans le cadre de sa r\u00e9alisation et de son suivi : 1. Pr\u00e9sentation du site internet Propri\u00e9taire [&hellip;]<\/p>\n","protected":false},"author":1,"featured_media":0,"parent":0,"menu_order":0,"comment_status":"closed","ping_status":"closed","template":"","meta":{"footnotes":""},"class_list":["post-1627","page","type-page","status-publish","hentry"],"yoast_head":"<!-- This site is optimized with the Yoast SEO plugin v27.6 - https:\/\/yoast.com\/product\/yoast-seo-wordpress\/ -->\n<title>Mentions l\u00e9gales - Darwin<\/title>\n<meta name=\"robots\" content=\"index, follow, max-snippet:-1, max-image-preview:large, max-video-preview:-1\" \/>\n<link rel=\"canonical\" href=\"https:\/\/darwinstrategies.com\/en\/mentions-legales\/\" \/>\n<meta property=\"og:locale\" content=\"en_GB\" \/>\n<meta property=\"og:type\" content=\"article\" \/>\n<meta property=\"og:title\" content=\"Mentions l\u00e9gales - Darwin\" \/>\n<meta property=\"og:description\" content=\"Mentions L\u00e9gales Conform\u00e9ment aux dispositions des articles 6-III et 19 de la Loi n\u00b0 2004-575 du 21 juin 2004 pour la Confiance dans l&rsquo;\u00e9conomie num\u00e9rique (L.C.E.N.), il est pr\u00e9cis\u00e9 aux utilisateurs du site https:\/\/darwinstrategies.com\/ l&rsquo;identit\u00e9 des diff\u00e9rents intervenants dans le cadre de sa r\u00e9alisation et de son suivi : 1. Pr\u00e9sentation du site internet Propri\u00e9taire [&hellip;]\" \/>\n<meta property=\"og:url\" content=\"https:\/\/darwinstrategies.com\/en\/mentions-legales\/\" \/>\n<meta property=\"og:site_name\" content=\"Darwin\" \/>\n<meta property=\"article:modified_time\" content=\"2026-05-15T09:22:11+00:00\" \/>\n<meta name=\"twitter:card\" content=\"summary_large_image\" \/>\n<meta name=\"twitter:label1\" content=\"Estimated reading time\" \/>\n\t<meta name=\"twitter:data1\" content=\"4 minutes\" \/>\n<script type=\"application\/ld+json\" class=\"yoast-schema-graph\">{\"@context\":\"https:\\\/\\\/schema.org\",\"@graph\":[{\"@type\":\"WebPage\",\"@id\":\"https:\\\/\\\/darwinstrategies.com\\\/mentions-legales\\\/\",\"url\":\"https:\\\/\\\/darwinstrategies.com\\\/mentions-legales\\\/\",\"name\":\"Mentions l\u00e9gales - Darwin\",\"isPartOf\":{\"@id\":\"https:\\\/\\\/darwinstrategies.com\\\/#website\"},\"datePublished\":\"2026-05-15T09:18:20+00:00\",\"dateModified\":\"2026-05-15T09:22:11+00:00\",\"breadcrumb\":{\"@id\":\"https:\\\/\\\/darwinstrategies.com\\\/mentions-legales\\\/#breadcrumb\"},\"inLanguage\":\"en-GB\",\"potentialAction\":[{\"@type\":\"ReadAction\",\"target\":[\"https:\\\/\\\/darwinstrategies.com\\\/mentions-legales\\\/\"]}]},{\"@type\":\"BreadcrumbList\",\"@id\":\"https:\\\/\\\/darwinstrategies.com\\\/mentions-legales\\\/#breadcrumb\",\"itemListElement\":[{\"@type\":\"ListItem\",\"position\":1,\"name\":\"Accueil\",\"item\":\"https:\\\/\\\/darwinstrategies.com\\\/\"},{\"@type\":\"ListItem\",\"position\":2,\"name\":\"Mentions l\u00e9gales\"}]},{\"@type\":\"WebSite\",\"@id\":\"https:\\\/\\\/darwinstrategies.com\\\/#website\",\"url\":\"https:\\\/\\\/darwinstrategies.com\\\/\",\"name\":\"Darwin\",\"description\":\"\",\"potentialAction\":[{\"@type\":\"SearchAction\",\"target\":{\"@type\":\"EntryPoint\",\"urlTemplate\":\"https:\\\/\\\/darwinstrategies.com\\\/?s={search_term_string}\"},\"query-input\":{\"@type\":\"PropertyValueSpecification\",\"valueRequired\":true,\"valueName\":\"search_term_string\"}}],\"inLanguage\":\"en-GB\"}]}<\/script>\n<!-- \/ Yoast SEO plugin. -->","yoast_head_json":{"title":"Mentions l\u00e9gales - Darwin","robots":{"index":"index","follow":"follow","max-snippet":"max-snippet:-1","max-image-preview":"max-image-preview:large","max-video-preview":"max-video-preview:-1"},"canonical":"https:\/\/darwinstrategies.com\/en\/mentions-legales\/","og_locale":"en_GB","og_type":"article","og_title":"Mentions l\u00e9gales - Darwin","og_description":"Mentions L\u00e9gales Conform\u00e9ment aux dispositions des articles 6-III et 19 de la Loi n\u00b0 2004-575 du 21 juin 2004 pour la Confiance dans l&rsquo;\u00e9conomie num\u00e9rique (L.C.E.N.), il est pr\u00e9cis\u00e9 aux utilisateurs du site https:\/\/darwinstrategies.com\/ l&rsquo;identit\u00e9 des diff\u00e9rents intervenants dans le cadre de sa r\u00e9alisation et de son suivi : 1. Pr\u00e9sentation du site internet Propri\u00e9taire [&hellip;]","og_url":"https:\/\/darwinstrategies.com\/en\/mentions-legales\/","og_site_name":"Darwin","article_modified_time":"2026-05-15T09:22:11+00:00","twitter_card":"summary_large_image","twitter_misc":{"Estimated reading time":"4 minutes"},"schema":{"@context":"https:\/\/schema.org","@graph":[{"@type":"WebPage","@id":"https:\/\/darwinstrategies.com\/mentions-legales\/","url":"https:\/\/darwinstrategies.com\/mentions-legales\/","name":"Mentions l\u00e9gales - Darwin","isPartOf":{"@id":"https:\/\/darwinstrategies.com\/#website"},"datePublished":"2026-05-15T09:18:20+00:00","dateModified":"2026-05-15T09:22:11+00:00","breadcrumb":{"@id":"https:\/\/darwinstrategies.com\/mentions-legales\/#breadcrumb"},"inLanguage":"en-GB","potentialAction":[{"@type":"ReadAction","target":["https:\/\/darwinstrategies.com\/mentions-legales\/"]}]},{"@type":"BreadcrumbList","@id":"https:\/\/darwinstrategies.com\/mentions-legales\/#breadcrumb","itemListElement":[{"@type":"ListItem","position":1,"name":"Accueil","item":"https:\/\/darwinstrategies.com\/"},{"@type":"ListItem","position":2,"name":"Mentions l\u00e9gales"}]},{"@type":"WebSite","@id":"https:\/\/darwinstrategies.com\/#website","url":"https:\/\/darwinstrategies.com\/","name":"Darwin","description":"","potentialAction":[{"@type":"SearchAction","target":{"@type":"EntryPoint","urlTemplate":"https:\/\/darwinstrategies.com\/?s={search_term_string}"},"query-input":{"@type":"PropertyValueSpecification","valueRequired":true,"valueName":"search_term_string"}}],"inLanguage":"en-GB"}]}},"_links":{"self":[{"href":"https:\/\/darwinstrategies.com\/en\/wp-json\/wp\/v2\/pages\/1627","targetHints":{"allow":["GET"]}}],"collection":[{"href":"https:\/\/darwinstrategies.com\/en\/wp-json\/wp\/v2\/pages"}],"about":[{"href":"https:\/\/darwinstrategies.com\/en\/wp-json\/wp\/v2\/types\/page"}],"author":[{"embeddable":true,"href":"https:\/\/darwinstrategies.com\/en\/wp-json\/wp\/v2\/users\/1"}],"replies":[{"embeddable":true,"href":"https:\/\/darwinstrategies.com\/en\/wp-json\/wp\/v2\/comments?post=1627"}],"version-history":[{"count":7,"href":"https:\/\/darwinstrategies.com\/en\/wp-json\/wp\/v2\/pages\/1627\/revisions"}],"predecessor-version":[{"id":1634,"href":"https:\/\/darwinstrategies.com\/en\/wp-json\/wp\/v2\/pages\/1627\/revisions\/1634"}],"wp:attachment":[{"href":"https:\/\/darwinstrategies.com\/en\/wp-json\/wp\/v2\/media?parent=1627"}],"curies":[{"name":"wp","href":"https:\/\/api.w.org\/{rel}","templated":true}]}}