{"id":153,"date":"2025-10-22T12:23:57","date_gmt":"2025-10-22T12:23:57","guid":{"rendered":"https:\/\/darwinstrategies.com\/?page_id=153"},"modified":"2026-05-15T08:21:59","modified_gmt":"2026-05-15T08:21:59","slug":"engager-votre-organisation-vers-un-modele-a-un-impact-positif","status":"publish","type":"page","link":"https:\/\/darwinstrategies.com\/en\/engager-votre-organisation-vers-un-modele-a-un-impact-positif\/","title":{"rendered":"Positive commitment"},"content":{"rendered":"<div data-elementor-type=\"wp-page\" data-elementor-id=\"153\" class=\"elementor elementor-153\" data-elementor-post-type=\"page\">\n\t\t\t\t<div class=\"elementor-element elementor-element-a293f53 e-flex e-con-boxed e-con e-parent\" data-id=\"a293f53\" data-element_type=\"container\" data-e-type=\"container\" data-settings=\"{&quot;background_background&quot;:&quot;classic&quot;}\">\n\t\t\t\t\t<div class=\"e-con-inner\">\n\t\t\t\t<div class=\"elementor-element elementor-element-8962b2d elementor-widget__width-inherit elementor-widget elementor-widget-heading\" data-id=\"8962b2d\" data-element_type=\"widget\" data-e-type=\"widget\" data-widget_type=\"heading.default\">\n\t\t\t\t\t<h2 class=\"elementor-heading-title elementor-size-default\">Darwin Strategies<\/h2>\t\t\t\t<\/div>\n\t\t\t\t<div class=\"elementor-element elementor-element-422ffe6 elementor-widget__width-inherit elementor-widget-divider--view-line elementor-widget elementor-widget-divider\" data-id=\"422ffe6\" data-element_type=\"widget\" data-e-type=\"widget\" data-widget_type=\"divider.default\">\n\t\t\t\t\t\t\t<div class=\"elementor-divider\">\n\t\t\t<span class=\"elementor-divider-separator\">\n\t\t\t\t\t\t<\/span>\n\t\t<\/div>\n\t\t\t\t\t\t<\/div>\n\t\t\t\t<div class=\"elementor-element elementor-element-4df243a elementor-widget elementor-widget-heading\" data-id=\"4df243a\" data-element_type=\"widget\" data-e-type=\"widget\" data-widget_type=\"heading.default\">\n\t\t\t\t\t<h2 class=\"elementor-heading-title elementor-size-default\">Your teams know what's at stake. They have been made aware. But there's a gulf between awareness and concrete action. It's not about knowing, it's about doing.<\/h2>\t\t\t\t<\/div>\n\t\t\t\t\t<\/div>\n\t\t\t\t<\/div>\n\t\t<div class=\"elementor-element elementor-element-be78160 e-con-full e-flex e-con e-parent\" data-id=\"be78160\" data-element_type=\"container\" data-e-type=\"container\" data-settings=\"{&quot;background_background&quot;:&quot;classic&quot;}\">\n\t\t<div class=\"elementor-element elementor-element-68ace39 e-con-full e-flex e-con e-child\" data-id=\"68ace39\" data-element_type=\"container\" data-e-type=\"container\" data-settings=\"{&quot;background_background&quot;:&quot;classic&quot;}\">\n\t\t\t\t<div class=\"elementor-element elementor-element-91e78a1 elementor-widget elementor-widget-heading\" data-id=\"91e78a1\" data-element_type=\"widget\" data-e-type=\"widget\" data-widget_type=\"heading.default\">\n\t\t\t\t\t<h2 class=\"elementor-heading-title elementor-size-default\">Darwin Strategies<\/h2>\t\t\t\t<\/div>\n\t\t\t\t<div class=\"elementor-element elementor-element-fedf4e9 elementor-widget-divider--view-line elementor-widget elementor-widget-divider\" data-id=\"fedf4e9\" data-element_type=\"widget\" data-e-type=\"widget\" data-widget_type=\"divider.default\">\n\t\t\t\t\t\t\t<div class=\"elementor-divider\">\n\t\t\t<span class=\"elementor-divider-separator\">\n\t\t\t\t\t\t<\/span>\n\t\t<\/div>\n\t\t\t\t\t\t<\/div>\n\t\t\t\t<div class=\"elementor-element elementor-element-6a287dc elementor-widget elementor-widget-heading\" data-id=\"6a287dc\" data-element_type=\"widget\" data-e-type=\"widget\" data-widget_type=\"heading.default\">\n\t\t\t\t\t<h2 class=\"elementor-heading-title elementor-size-default\">The challenge<\/h2>\t\t\t\t<\/div>\n\t\t\t\t<div class=\"elementor-element elementor-element-8ef3c2e elementor-widget elementor-widget-text-editor\" data-id=\"8ef3c2e\" data-element_type=\"widget\" data-e-type=\"widget\" data-widget_type=\"text-editor.default\">\n\t\t\t\t\t\t\t\t\t<p>It's a common observation: companies and teams are aware of the issues, have worked to raise awareness, and sometimes have drawn up adaptation or development plans, but then struggle to implement the necessary changes in practice and to involve the people concerned.<\/p><p>There are several reasons for this: cognitive barriers, misaligned timeframes, visions that are difficult to unify, and above all a lack of action. It's not enough to have a CSR strategy; you have to get employees on board, give meaning to the action and change collective behaviour.<\/p>\t\t\t\t\t\t\t\t<\/div>\n\t\t\t\t<div class=\"elementor-element elementor-element-3447c18 elementor-widget elementor-widget-heading\" data-id=\"3447c18\" data-element_type=\"widget\" data-e-type=\"widget\" data-widget_type=\"heading.default\">\n\t\t\t\t\t<h2 class=\"elementor-heading-title elementor-size-default\">Our response<\/h2>\t\t\t\t<\/div>\n\t\t\t\t<div class=\"elementor-element elementor-element-b506df2 elementor-widget elementor-widget-text-editor\" data-id=\"b506df2\" data-element_type=\"widget\" data-e-type=\"widget\" data-widget_type=\"text-editor.default\">\n\t\t\t\t\t\t\t\t\t<p>Darwin Strategies helps your teams move from knowledge to action. Not by raising awareness yet again, but by activating concrete levers for behavioural change.<\/p><p>Our approach is based on the ACTE\u00b3 method, designed on the basis of our research at the Human Adaptation Institute, our experience in extreme conditions and the latest knowledge in cognitive and behavioural sciences.<\/p><p>The method takes into account around fifteen parameters: timeframe, cognitive cost\/benefit, emotions, cooperation, effort made, to unblock obstacles to action, engage teams and make each stage of a transformation plan concrete.<\/p><p>It is based on the work of the Human Adaptation Institute and its scientific partners. It saves a great deal of time and avoids frustration when the desire for change does not progress at the expected pace.<\/p>\t\t\t\t\t\t\t\t<\/div>\n\t\t\t\t<\/div>\n\t\t<div class=\"elementor-element elementor-element-816d90f e-con-full e-flex e-con e-child\" data-id=\"816d90f\" data-element_type=\"container\" data-e-type=\"container\" data-settings=\"{&quot;background_background&quot;:&quot;classic&quot;}\">\n\t\t\t\t<\/div>\n\t\t\t\t<\/div>\n\t\t<div class=\"elementor-element elementor-element-5924e89 e-con-full e-flex e-con e-parent\" data-id=\"5924e89\" data-element_type=\"container\" data-e-type=\"container\" data-settings=\"{&quot;background_background&quot;:&quot;classic&quot;}\">\n\t\t<div class=\"elementor-element elementor-element-056755b e-con-full e-flex e-con e-child\" data-id=\"056755b\" data-element_type=\"container\" data-e-type=\"container\" data-settings=\"{&quot;background_background&quot;:&quot;classic&quot;}\">\n\t\t\t\t<div class=\"elementor-element elementor-element-3a50b19 elementor-widget elementor-widget-heading\" data-id=\"3a50b19\" data-element_type=\"widget\" data-e-type=\"widget\" data-widget_type=\"heading.default\">\n\t\t\t\t\t<h2 class=\"elementor-heading-title elementor-size-default\">Darwin Strategies<\/h2>\t\t\t\t<\/div>\n\t\t\t\t<div class=\"elementor-element elementor-element-d54efbe elementor-widget-divider--view-line elementor-widget elementor-widget-divider\" data-id=\"d54efbe\" data-element_type=\"widget\" data-e-type=\"widget\" data-widget_type=\"divider.default\">\n\t\t\t\t\t\t\t<div class=\"elementor-divider\">\n\t\t\t<span class=\"elementor-divider-separator\">\n\t\t\t\t\t\t<\/span>\n\t\t<\/div>\n\t\t\t\t\t\t<\/div>\n\t\t\t\t<div class=\"elementor-element elementor-element-edce96d elementor-widget elementor-widget-heading\" data-id=\"edce96d\" data-element_type=\"widget\" data-e-type=\"widget\" data-widget_type=\"heading.default\">\n\t\t\t\t\t<h2 class=\"elementor-heading-title elementor-size-default\">What we are developing<\/h2>\t\t\t\t<\/div>\n\t\t<div class=\"elementor-element elementor-element-a3251db e-con-full e-flex e-con e-child\" data-id=\"a3251db\" data-element_type=\"container\" data-e-type=\"container\">\n\t\t<div class=\"elementor-element elementor-element-643ec97 e-con-full e-flex e-con e-child\" data-id=\"643ec97\" data-element_type=\"container\" data-e-type=\"container\" data-settings=\"{&quot;background_background&quot;:&quot;classic&quot;}\">\n\t\t<div class=\"elementor-element elementor-element-8336079 e-con-full e-flex e-con e-child\" data-id=\"8336079\" data-element_type=\"container\" data-e-type=\"container\" data-settings=\"{&quot;background_background&quot;:&quot;classic&quot;}\">\n\t\t\t\t<div class=\"elementor-element elementor-element-084337e elementor-widget elementor-widget-heading\" data-id=\"084337e\" data-element_type=\"widget\" data-e-type=\"widget\" data-widget_type=\"heading.default\">\n\t\t\t\t\t<h2 class=\"elementor-heading-title elementor-size-default\">1<\/h2>\t\t\t\t<\/div>\n\t\t\t\t<div class=\"elementor-element elementor-element-f5e006d elementor-widget elementor-widget-text-editor\" data-id=\"f5e006d\" data-element_type=\"widget\" data-e-type=\"widget\" data-widget_type=\"text-editor.default\">\n\t\t\t\t\t\t\t\t\t<p><strong>Mobilising without making people feel guilty.<\/strong>\u00a0<\/p><p>Wonder as a driving force for commitment. We use sensory and emotional experience, not fear or guilt, to trigger a positive dynamic of transformation.<\/p>\t\t\t\t\t\t\t\t<\/div>\n\t\t\t\t<\/div>\n\t\t<div class=\"elementor-element elementor-element-851456b e-con-full e-flex e-con e-child\" data-id=\"851456b\" data-element_type=\"container\" data-e-type=\"container\" data-settings=\"{&quot;background_background&quot;:&quot;classic&quot;}\">\n\t\t\t\t<div class=\"elementor-element elementor-element-287c52c elementor-widget elementor-widget-heading\" data-id=\"287c52c\" data-element_type=\"widget\" data-e-type=\"widget\" data-widget_type=\"heading.default\">\n\t\t\t\t\t<h2 class=\"elementor-heading-title elementor-size-default\">2<\/h2>\t\t\t\t<\/div>\n\t\t\t\t<div class=\"elementor-element elementor-element-c55af64 elementor-widget elementor-widget-text-editor\" data-id=\"c55af64\" data-element_type=\"widget\" data-e-type=\"widget\" data-widget_type=\"text-editor.default\">\n\t\t\t\t\t\t\t\t\t<p><strong>Unlocking the brakes on action.<\/strong>\u00a0<\/p><p>The ACTE\u00b3 method identifies and treats the cognitive and collective blockages that prevent people from taking action: misaligned timeframes, information overload, discrepancies between intention and behaviour.<\/p>\t\t\t\t\t\t\t\t<\/div>\n\t\t\t\t<\/div>\n\t\t<div class=\"elementor-element elementor-element-8183340 e-con-full e-flex e-con e-child\" data-id=\"8183340\" data-element_type=\"container\" data-e-type=\"container\" data-settings=\"{&quot;background_background&quot;:&quot;classic&quot;}\">\n\t\t\t\t<div class=\"elementor-element elementor-element-0b952d5 elementor-widget elementor-widget-heading\" data-id=\"0b952d5\" data-element_type=\"widget\" data-e-type=\"widget\" data-widget_type=\"heading.default\">\n\t\t\t\t\t<h2 class=\"elementor-heading-title elementor-size-default\">3<\/h2>\t\t\t\t<\/div>\n\t\t\t\t<div class=\"elementor-element elementor-element-a5ab3bb elementor-widget elementor-widget-text-editor\" data-id=\"a5ab3bb\" data-element_type=\"widget\" data-e-type=\"widget\" data-widget_type=\"text-editor.default\">\n\t\t\t\t\t\t\t\t\t<p><strong>Anchoring change in the long term.<\/strong>\u00a0<\/p><p>A 40-day structured support cycle to transform intentions into operational reflexes, from 1 day to 6 months depending on the type of transformation.<\/p>\t\t\t\t\t\t\t\t<\/div>\n\t\t\t\t<\/div>\n\t\t<div class=\"elementor-element elementor-element-17be24f e-con-full e-flex e-con e-child\" data-id=\"17be24f\" data-element_type=\"container\" data-e-type=\"container\" data-settings=\"{&quot;background_background&quot;:&quot;classic&quot;}\">\n\t\t\t\t<div class=\"elementor-element elementor-element-892bfa1 elementor-widget elementor-widget-heading\" data-id=\"892bfa1\" data-element_type=\"widget\" data-e-type=\"widget\" data-widget_type=\"heading.default\">\n\t\t\t\t\t<h2 class=\"elementor-heading-title elementor-size-default\">4<\/h2>\t\t\t\t<\/div>\n\t\t\t\t<div class=\"elementor-element elementor-element-ca94236 elementor-widget elementor-widget-text-editor\" data-id=\"ca94236\" data-element_type=\"widget\" data-e-type=\"widget\" data-widget_type=\"text-editor.default\">\n\t\t\t\t\t\t\t\t\t<p><strong>Involve all levels.<\/strong><\/p><p>From your executive committee to your operational teams, not forgetting your stakeholders, every audience needs the right engagement lever.<\/p>\t\t\t\t\t\t\t\t<\/div>\n\t\t\t\t<\/div>\n\t\t\t\t<\/div>\n\t\t\t\t<\/div>\n\t\t\t\t<\/div>\n\t\t<div class=\"elementor-element elementor-element-5f1c0a9 e-con-full e-flex e-con e-child\" data-id=\"5f1c0a9\" data-element_type=\"container\" data-e-type=\"container\" data-settings=\"{&quot;background_background&quot;:&quot;classic&quot;}\">\n\t\t<div class=\"elementor-element elementor-element-672f170 e-con-full e-flex e-con e-child\" data-id=\"672f170\" data-element_type=\"container\" data-e-type=\"container\" data-settings=\"{&quot;background_background&quot;:&quot;classic&quot;}\">\n\t\t\t\t<\/div>\n\t\t\t\t<\/div>\n\t\t\t\t<\/div>\n\t\t<div class=\"elementor-element elementor-element-906f924 e-con-full e-flex e-con e-parent\" data-id=\"906f924\" data-element_type=\"container\" data-e-type=\"container\" data-settings=\"{&quot;background_background&quot;:&quot;classic&quot;}\">\n\t\t<div class=\"elementor-element elementor-element-c349948 e-con-full e-flex e-con e-child\" data-id=\"c349948\" data-element_type=\"container\" data-e-type=\"container\" data-settings=\"{&quot;background_background&quot;:&quot;classic&quot;}\">\n\t\t\t\t<div class=\"elementor-element elementor-element-8887fc3 elementor-widget elementor-widget-heading\" data-id=\"8887fc3\" data-element_type=\"widget\" data-e-type=\"widget\" data-widget_type=\"heading.default\">\n\t\t\t\t\t<h2 class=\"elementor-heading-title elementor-size-default\">Darwin Strategies<\/h2>\t\t\t\t<\/div>\n\t\t\t\t<div class=\"elementor-element elementor-element-8acb825 elementor-widget-divider--view-line elementor-widget elementor-widget-divider\" data-id=\"8acb825\" data-element_type=\"widget\" data-e-type=\"widget\" data-widget_type=\"divider.default\">\n\t\t\t\t\t\t\t<div class=\"elementor-divider\">\n\t\t\t<span class=\"elementor-divider-separator\">\n\t\t\t\t\t\t<\/span>\n\t\t<\/div>\n\t\t\t\t\t\t<\/div>\n\t\t\t\t<div class=\"elementor-element elementor-element-81b99c9 elementor-widget elementor-widget-heading\" data-id=\"81b99c9\" data-element_type=\"widget\" data-e-type=\"widget\" data-widget_type=\"heading.default\">\n\t\t\t\t\t<h2 class=\"elementor-heading-title elementor-size-default\">Our formats<\/h2>\t\t\t\t<\/div>\n\t\t\t\t<div class=\"elementor-element elementor-element-ef80a9c elementor-widget elementor-widget-text-editor\" data-id=\"ef80a9c\" data-element_type=\"widget\" data-e-type=\"widget\" data-widget_type=\"text-editor.default\">\n\t\t\t\t\t\t\t\t\t<p><strong>Climate Sense:<\/strong>\u00a0Immersive experience at +50\u00b0C. To feel. To understand. Act. From 10 to 140 people per day. The experience that will get your teams involved in a concrete adaptation process.<\/p><p><strong>Coaching (ACTE method\u00b3):<\/strong> Once again, the aim is not to inform or raise awareness, but to move from knowledge to concrete action. Diagnosis, ACTE\u00b3 cycle, sustainable anchoring, impact measurement. From 1 day to 6 months depending on needs. Made to measure.<\/p><p><strong>Conference:<\/strong>\u00a0Christian Clot, explorer and researcher. A fresh look at commitment and transformation, informed by 20 years of scientific expeditions. For groups of 50 or more.<\/p>\t\t\t\t\t\t\t\t<\/div>\n\t\t\t\t<\/div>\n\t\t<div class=\"elementor-element elementor-element-c4f70ef e-con-full e-flex e-con e-child\" data-id=\"c4f70ef\" data-element_type=\"container\" data-e-type=\"container\" data-settings=\"{&quot;background_background&quot;:&quot;classic&quot;}\">\n\t\t\t\t<div class=\"elementor-element elementor-element-3b5285e elementor-widget elementor-widget-image\" data-id=\"3b5285e\" data-element_type=\"widget\" data-e-type=\"widget\" data-widget_type=\"image.default\">\n\t\t\t\t\t\t\t\t\t\t\t\t\t\t\t<img fetchpriority=\"high\" decoding=\"async\" width=\"800\" height=\"473\" src=\"https:\/\/darwinstrategies.com\/wp-content\/uploads\/2025\/11\/HAI-CSense-Int_09-\u00a9HumanAdaptationInstitute-2-1024x605.jpg\" class=\"attachment-large size-large wp-image-444\" alt=\"\" srcset=\"https:\/\/darwinstrategies.com\/wp-content\/uploads\/2025\/11\/HAI-CSense-Int_09-\u00a9HumanAdaptationInstitute-2-1024x605.jpg 1024w, https:\/\/darwinstrategies.com\/wp-content\/uploads\/2025\/11\/HAI-CSense-Int_09-\u00a9HumanAdaptationInstitute-2-300x177.jpg 300w, https:\/\/darwinstrategies.com\/wp-content\/uploads\/2025\/11\/HAI-CSense-Int_09-\u00a9HumanAdaptationInstitute-2-768x454.jpg 768w, https:\/\/darwinstrategies.com\/wp-content\/uploads\/2025\/11\/HAI-CSense-Int_09-\u00a9HumanAdaptationInstitute-2-1536x907.jpg 1536w, https:\/\/darwinstrategies.com\/wp-content\/uploads\/2025\/11\/HAI-CSense-Int_09-\u00a9HumanAdaptationInstitute-2-18x12.jpg 18w, https:\/\/darwinstrategies.com\/wp-content\/uploads\/2025\/11\/HAI-CSense-Int_09-\u00a9HumanAdaptationInstitute-2.jpg 1920w\" sizes=\"(max-width: 800px) 100vw, 800px\" \/>\t\t\t\t\t\t\t\t\t\t\t\t\t\t\t<\/div>\n\t\t\t\t<\/div>\n\t\t\t\t<\/div>\n\t\t<div class=\"elementor-element elementor-element-81db330 e-flex e-con-boxed e-con e-parent\" data-id=\"81db330\" data-element_type=\"container\" data-e-type=\"container\">\n\t\t\t\t\t<div class=\"e-con-inner\">\n\t\t\t\t<div class=\"elementor-element elementor-element-54f5885 elementor-align-center elementor-mobile-align-center elementor-widget__width-inherit elementor-widget elementor-widget-button\" data-id=\"54f5885\" data-element_type=\"widget\" data-e-type=\"widget\" data-widget_type=\"button.default\">\n\t\t\t\t\t\t\t\t\t\t<a class=\"elementor-button elementor-button-link elementor-size-md elementor-animation-float\" href=\"https:\/\/darwinstrategies.com\/en\/#contact\">\n\t\t\t\t\t\t<span class=\"elementor-button-content-wrapper\">\n\t\t\t\t\t\t<span class=\"elementor-button-icon\">\n\t\t\t\t<svg aria-hidden=\"true\" class=\"e-font-icon-svg e-fas-angle-right\" viewbox=\"0 0 256 512\" xmlns=\"http:\/\/www.w3.org\/2000\/svg\"><path d=\"M224.3 273l-136 136c-9.4 9.4-24.6 9.4-33.9 0l-22.6-22.6c-9.4-9.4-9.4-24.6 0-33.9l96.4-96.4-96.4-96.4c-9.4-9.4-9.4-24.6 0-33.9L54.3 103c9.4-9.4 24.6-9.4 33.9 0l136 136c9.5 9.4 9.5 24.6.1 34z\"><\/path><\/svg>\t\t\t<\/span>\n\t\t\t\t\t\t\t\t\t<span class=\"elementor-button-text\">Explore this terrain with us.<\/span>\n\t\t\t\t\t<\/span>\n\t\t\t\t\t<\/a>\n\t\t\t\t\t\t\t\t<\/div>\n\t\t\t\t\t<\/div>\n\t\t\t\t<\/div>\n\t\t\t\t<\/div>","protected":false},"excerpt":{"rendered":"<p>Darwin Strategies Vos \u00e9quipes connaissent les enjeux. Elles ont \u00e9t\u00e9 sensibilis\u00e9es. Mais entre la prise de conscience et l\u2019action concr\u00e8te, il y a un gouffre. Le probl\u00e8me n\u2019est pas le savoir, c\u2019est le passage \u00e0 l\u2019acte. Darwin Strategies Le d\u00e9fi Le constat est fr\u00e9quent : les entreprises et les \u00e9quipes connaissent les enjeux, ont r\u00e9alis\u00e9 [&hellip;]<\/p>\n","protected":false},"author":1,"featured_media":0,"parent":0,"menu_order":0,"comment_status":"closed","ping_status":"closed","template":"","meta":{"footnotes":""},"class_list":["post-153","page","type-page","status-publish","hentry"],"yoast_head":"<!-- This site is optimized with the Yoast SEO plugin v27.6 - https:\/\/yoast.com\/product\/yoast-seo-wordpress\/ -->\n<title>Engagement positif - Darwin<\/title>\n<meta name=\"robots\" content=\"index, follow, max-snippet:-1, max-image-preview:large, max-video-preview:-1\" \/>\n<link rel=\"canonical\" href=\"https:\/\/darwinstrategies.com\/en\/engager-votre-organisation-vers-un-modele-a-un-impact-positif\/\" \/>\n<meta property=\"og:locale\" content=\"en_GB\" \/>\n<meta property=\"og:type\" content=\"article\" \/>\n<meta property=\"og:title\" content=\"Engagement positif - Darwin\" \/>\n<meta property=\"og:description\" content=\"Darwin Strategies Vos \u00e9quipes connaissent les enjeux. Elles ont \u00e9t\u00e9 sensibilis\u00e9es. Mais entre la prise de conscience et l\u2019action concr\u00e8te, il y a un gouffre. Le probl\u00e8me n\u2019est pas le savoir, c\u2019est le passage \u00e0 l\u2019acte. Darwin Strategies Le d\u00e9fi Le constat est fr\u00e9quent : les entreprises et les \u00e9quipes connaissent les enjeux, ont r\u00e9alis\u00e9 [&hellip;]\" \/>\n<meta property=\"og:url\" content=\"https:\/\/darwinstrategies.com\/en\/engager-votre-organisation-vers-un-modele-a-un-impact-positif\/\" \/>\n<meta property=\"og:site_name\" content=\"Darwin\" \/>\n<meta property=\"article:modified_time\" content=\"2026-05-15T08:21:59+00:00\" \/>\n<meta name=\"twitter:card\" content=\"summary_large_image\" \/>\n<meta name=\"twitter:label1\" content=\"Estimated reading time\" \/>\n\t<meta name=\"twitter:data1\" content=\"3 minutes\" \/>\n<script type=\"application\/ld+json\" class=\"yoast-schema-graph\">{\"@context\":\"https:\\\/\\\/schema.org\",\"@graph\":[{\"@type\":\"WebPage\",\"@id\":\"https:\\\/\\\/darwinstrategies.com\\\/engager-votre-organisation-vers-un-modele-a-un-impact-positif\\\/\",\"url\":\"https:\\\/\\\/darwinstrategies.com\\\/engager-votre-organisation-vers-un-modele-a-un-impact-positif\\\/\",\"name\":\"Engagement positif - Darwin\",\"isPartOf\":{\"@id\":\"https:\\\/\\\/darwinstrategies.com\\\/#website\"},\"datePublished\":\"2025-10-22T12:23:57+00:00\",\"dateModified\":\"2026-05-15T08:21:59+00:00\",\"breadcrumb\":{\"@id\":\"https:\\\/\\\/darwinstrategies.com\\\/engager-votre-organisation-vers-un-modele-a-un-impact-positif\\\/#breadcrumb\"},\"inLanguage\":\"en-GB\",\"potentialAction\":[{\"@type\":\"ReadAction\",\"target\":[\"https:\\\/\\\/darwinstrategies.com\\\/engager-votre-organisation-vers-un-modele-a-un-impact-positif\\\/\"]}]},{\"@type\":\"BreadcrumbList\",\"@id\":\"https:\\\/\\\/darwinstrategies.com\\\/engager-votre-organisation-vers-un-modele-a-un-impact-positif\\\/#breadcrumb\",\"itemListElement\":[{\"@type\":\"ListItem\",\"position\":1,\"name\":\"Accueil\",\"item\":\"https:\\\/\\\/darwinstrategies.com\\\/\"},{\"@type\":\"ListItem\",\"position\":2,\"name\":\"Engagement positif\"}]},{\"@type\":\"WebSite\",\"@id\":\"https:\\\/\\\/darwinstrategies.com\\\/#website\",\"url\":\"https:\\\/\\\/darwinstrategies.com\\\/\",\"name\":\"Darwin\",\"description\":\"\",\"potentialAction\":[{\"@type\":\"SearchAction\",\"target\":{\"@type\":\"EntryPoint\",\"urlTemplate\":\"https:\\\/\\\/darwinstrategies.com\\\/?s={search_term_string}\"},\"query-input\":{\"@type\":\"PropertyValueSpecification\",\"valueRequired\":true,\"valueName\":\"search_term_string\"}}],\"inLanguage\":\"en-GB\"}]}<\/script>\n<!-- \/ Yoast SEO plugin. -->","yoast_head_json":{"title":"Engagement positif - Darwin","robots":{"index":"index","follow":"follow","max-snippet":"max-snippet:-1","max-image-preview":"max-image-preview:large","max-video-preview":"max-video-preview:-1"},"canonical":"https:\/\/darwinstrategies.com\/en\/engager-votre-organisation-vers-un-modele-a-un-impact-positif\/","og_locale":"en_GB","og_type":"article","og_title":"Engagement positif - Darwin","og_description":"Darwin Strategies Vos \u00e9quipes connaissent les enjeux. Elles ont \u00e9t\u00e9 sensibilis\u00e9es. Mais entre la prise de conscience et l\u2019action concr\u00e8te, il y a un gouffre. Le probl\u00e8me n\u2019est pas le savoir, c\u2019est le passage \u00e0 l\u2019acte. Darwin Strategies Le d\u00e9fi Le constat est fr\u00e9quent : les entreprises et les \u00e9quipes connaissent les enjeux, ont r\u00e9alis\u00e9 [&hellip;]","og_url":"https:\/\/darwinstrategies.com\/en\/engager-votre-organisation-vers-un-modele-a-un-impact-positif\/","og_site_name":"Darwin","article_modified_time":"2026-05-15T08:21:59+00:00","twitter_card":"summary_large_image","twitter_misc":{"Estimated reading time":"3 minutes"},"schema":{"@context":"https:\/\/schema.org","@graph":[{"@type":"WebPage","@id":"https:\/\/darwinstrategies.com\/engager-votre-organisation-vers-un-modele-a-un-impact-positif\/","url":"https:\/\/darwinstrategies.com\/engager-votre-organisation-vers-un-modele-a-un-impact-positif\/","name":"Engagement positif - Darwin","isPartOf":{"@id":"https:\/\/darwinstrategies.com\/#website"},"datePublished":"2025-10-22T12:23:57+00:00","dateModified":"2026-05-15T08:21:59+00:00","breadcrumb":{"@id":"https:\/\/darwinstrategies.com\/engager-votre-organisation-vers-un-modele-a-un-impact-positif\/#breadcrumb"},"inLanguage":"en-GB","potentialAction":[{"@type":"ReadAction","target":["https:\/\/darwinstrategies.com\/engager-votre-organisation-vers-un-modele-a-un-impact-positif\/"]}]},{"@type":"BreadcrumbList","@id":"https:\/\/darwinstrategies.com\/engager-votre-organisation-vers-un-modele-a-un-impact-positif\/#breadcrumb","itemListElement":[{"@type":"ListItem","position":1,"name":"Accueil","item":"https:\/\/darwinstrategies.com\/"},{"@type":"ListItem","position":2,"name":"Engagement positif"}]},{"@type":"WebSite","@id":"https:\/\/darwinstrategies.com\/#website","url":"https:\/\/darwinstrategies.com\/","name":"Darwin","description":"","potentialAction":[{"@type":"SearchAction","target":{"@type":"EntryPoint","urlTemplate":"https:\/\/darwinstrategies.com\/?s={search_term_string}"},"query-input":{"@type":"PropertyValueSpecification","valueRequired":true,"valueName":"search_term_string"}}],"inLanguage":"en-GB"}]}},"_links":{"self":[{"href":"https:\/\/darwinstrategies.com\/en\/wp-json\/wp\/v2\/pages\/153","targetHints":{"allow":["GET"]}}],"collection":[{"href":"https:\/\/darwinstrategies.com\/en\/wp-json\/wp\/v2\/pages"}],"about":[{"href":"https:\/\/darwinstrategies.com\/en\/wp-json\/wp\/v2\/types\/page"}],"author":[{"embeddable":true,"href":"https:\/\/darwinstrategies.com\/en\/wp-json\/wp\/v2\/users\/1"}],"replies":[{"embeddable":true,"href":"https:\/\/darwinstrategies.com\/en\/wp-json\/wp\/v2\/comments?post=153"}],"version-history":[{"count":77,"href":"https:\/\/darwinstrategies.com\/en\/wp-json\/wp\/v2\/pages\/153\/revisions"}],"predecessor-version":[{"id":1599,"href":"https:\/\/darwinstrategies.com\/en\/wp-json\/wp\/v2\/pages\/153\/revisions\/1599"}],"wp:attachment":[{"href":"https:\/\/darwinstrategies.com\/en\/wp-json\/wp\/v2\/media?parent=153"}],"curies":[{"name":"wp","href":"https:\/\/api.w.org\/{rel}","templated":true}]}}