{"id":141,"date":"2025-10-22T12:14:07","date_gmt":"2025-10-22T12:14:07","guid":{"rendered":"https:\/\/darwinstrategies.com\/?page_id=141"},"modified":"2026-05-15T08:38:42","modified_gmt":"2026-05-15T08:38:42","slug":"developpement-de-la-capacite-dadaptation-de-vos-equipes","status":"publish","type":"page","link":"https:\/\/darwinstrategies.com\/en\/developpement-de-la-capacite-dadaptation-de-vos-equipes\/","title":{"rendered":"Adaptive capacity"},"content":{"rendered":"<div data-elementor-type=\"wp-page\" data-elementor-id=\"141\" class=\"elementor elementor-141\" data-elementor-post-type=\"page\">\n\t\t\t\t<div class=\"elementor-element elementor-element-1470e5f e-flex e-con-boxed e-con e-parent\" data-id=\"1470e5f\" data-element_type=\"container\" data-e-type=\"container\" data-settings=\"{&quot;background_background&quot;:&quot;classic&quot;}\">\n\t\t\t\t\t<div class=\"e-con-inner\">\n\t\t\t\t<div class=\"elementor-element elementor-element-346018b elementor-widget__width-inherit elementor-widget elementor-widget-heading\" data-id=\"346018b\" data-element_type=\"widget\" data-e-type=\"widget\" data-widget_type=\"heading.default\">\n\t\t\t\t\t<h2 class=\"elementor-heading-title elementor-size-default\">Darwin Strategies<\/h2>\t\t\t\t<\/div>\n\t\t\t\t<div class=\"elementor-element elementor-element-1a90c9c elementor-widget__width-inherit elementor-widget-divider--view-line elementor-widget elementor-widget-divider\" data-id=\"1a90c9c\" data-element_type=\"widget\" data-e-type=\"widget\" data-widget_type=\"divider.default\">\n\t\t\t\t\t\t\t<div class=\"elementor-divider\">\n\t\t\t<span class=\"elementor-divider-separator\">\n\t\t\t\t\t\t<\/span>\n\t\t<\/div>\n\t\t\t\t\t\t<\/div>\n\t\t\t\t<div class=\"elementor-element elementor-element-3933945 elementor-widget elementor-widget-heading\" data-id=\"3933945\" data-element_type=\"widget\" data-e-type=\"widget\" data-widget_type=\"heading.default\">\n\t\t\t\t\t<h2 class=\"elementor-heading-title elementor-size-default\">Vos \u00e9quipes font face \u00e0 des transformations simultan\u00e9es, technologiques, organisationnelles, environnementales. La question n\u2019est plus de savoir si le changement va arriver, mais si vos collectifs sont \u00e9quip\u00e9s pour y faire face.<\/h2>\t\t\t\t<\/div>\n\t\t\t\t\t<\/div>\n\t\t\t\t<\/div>\n\t\t<div class=\"elementor-element elementor-element-1c2532c e-con-full e-flex e-con e-parent\" data-id=\"1c2532c\" data-element_type=\"container\" data-e-type=\"container\" data-settings=\"{&quot;background_background&quot;:&quot;classic&quot;}\">\n\t\t<div class=\"elementor-element elementor-element-2534c3f e-con-full e-flex e-con e-child\" data-id=\"2534c3f\" data-element_type=\"container\" data-e-type=\"container\" data-settings=\"{&quot;background_background&quot;:&quot;classic&quot;}\">\n\t\t\t\t<\/div>\n\t\t<div class=\"elementor-element elementor-element-e5ea9bc e-con-full e-flex e-con e-child\" data-id=\"e5ea9bc\" data-element_type=\"container\" data-e-type=\"container\" data-settings=\"{&quot;background_background&quot;:&quot;classic&quot;}\">\n\t\t\t\t<div class=\"elementor-element elementor-element-b5b2a41 elementor-widget elementor-widget-heading\" data-id=\"b5b2a41\" data-element_type=\"widget\" data-e-type=\"widget\" data-widget_type=\"heading.default\">\n\t\t\t\t\t<h2 class=\"elementor-heading-title elementor-size-default\">The challenge<\/h2>\t\t\t\t<\/div>\n\t\t\t\t<div class=\"elementor-element elementor-element-d55b6de elementor-widget-divider--view-line elementor-widget elementor-widget-divider\" data-id=\"d55b6de\" data-element_type=\"widget\" data-e-type=\"widget\" data-widget_type=\"divider.default\">\n\t\t\t\t\t\t\t<div class=\"elementor-divider\">\n\t\t\t<span class=\"elementor-divider-separator\">\n\t\t\t\t\t\t<\/span>\n\t\t<\/div>\n\t\t\t\t\t\t<\/div>\n\t\t\t\t<div class=\"elementor-element elementor-element-41651db elementor-widget elementor-widget-text-editor\" data-id=\"41651db\" data-element_type=\"widget\" data-e-type=\"widget\" data-widget_type=\"text-editor.default\">\n\t\t\t\t\t\t\t\t\t<p>Les organisations investissent massivement dans les outils, les process et les infrastructures. Mais quand l\u2019incertitude augmente, la v\u00e9ritable capacit\u00e9 d\u2019adaptation se joue ailleurs : dans la fa\u00e7on dont les humains observent, d\u00e9cident et coop\u00e8rent.<\/p><p>R\u00e9sultat : m\u00eame les meilleures strat\u00e9gies \u00e9chouent faute de capacit\u00e9 d\u2019adaptation collective. Les plans existent, mais les \u00e9quipes n\u2019arrivent pas \u00e0 les porter dans un environnement qui bouge en permanence.<\/p>\t\t\t\t\t\t\t\t<\/div>\n\t\t\t\t<\/div>\n\t\t<div class=\"elementor-element elementor-element-5f541da e-con-full e-flex e-con e-child\" data-id=\"5f541da\" data-element_type=\"container\" data-e-type=\"container\" data-settings=\"{&quot;background_background&quot;:&quot;classic&quot;}\">\n\t\t\t\t<div class=\"elementor-element elementor-element-009c90e elementor-widget elementor-widget-heading\" data-id=\"009c90e\" data-element_type=\"widget\" data-e-type=\"widget\" data-widget_type=\"heading.default\">\n\t\t\t\t\t<h2 class=\"elementor-heading-title elementor-size-default\">Our response<\/h2>\t\t\t\t<\/div>\n\t\t\t\t<div class=\"elementor-element elementor-element-ca65936 elementor-widget-divider--view-line elementor-widget elementor-widget-divider\" data-id=\"ca65936\" data-element_type=\"widget\" data-e-type=\"widget\" data-widget_type=\"divider.default\">\n\t\t\t\t\t\t\t<div class=\"elementor-divider\">\n\t\t\t<span class=\"elementor-divider-separator\">\n\t\t\t\t\t\t<\/span>\n\t\t<\/div>\n\t\t\t\t\t\t<\/div>\n\t\t\t\t<div class=\"elementor-element elementor-element-3fb668d elementor-widget elementor-widget-text-editor\" data-id=\"3fb668d\" data-element_type=\"widget\" data-e-type=\"widget\" data-widget_type=\"text-editor.default\">\n\t\t\t\t\t\t\t\t\t<p>Darwin Strategies can help you develop your teams' and your organisation's ability to adapt to the impacts of climate change.<\/p><p>Notre expertise repose sur 20 ans de recherche-action en conditions extr\u00eames \u2014 de +58\u00b0C dans les d\u00e9serts \u00e0 \u221260\u00b0C en milieu polaire. Nous avons \u00e9tudi\u00e9, mesur\u00e9 et document\u00e9 les effets de ces environnements sur les corps, les cerveaux et les dynamiques collectives. Adoss\u00e9s au Human Adaptation Institute et \u00e0 ses partenaires scientifiques (CNES, ENS, Universit\u00e9 de Gen\u00e8ve), nous transformons ces connaissances en strat\u00e9gies d\u2019adaptation concr\u00e8tes pour votre activit\u00e9.<\/p>\t\t\t\t\t\t\t\t<\/div>\n\t\t\t\t<\/div>\n\t\t<div class=\"elementor-element elementor-element-415c409 e-con-full e-flex e-con e-child\" data-id=\"415c409\" data-element_type=\"container\" data-e-type=\"container\" data-settings=\"{&quot;background_background&quot;:&quot;classic&quot;}\">\n\t\t\t\t<\/div>\n\t\t\t\t<\/div>\n\t\t<div class=\"elementor-element elementor-element-d8d4841 e-con-full e-flex e-con e-parent\" data-id=\"d8d4841\" data-element_type=\"container\" data-e-type=\"container\" data-settings=\"{&quot;background_background&quot;:&quot;classic&quot;}\">\n\t\t<div class=\"elementor-element elementor-element-757c86c e-con-full e-flex e-con e-child\" data-id=\"757c86c\" data-element_type=\"container\" data-e-type=\"container\" data-settings=\"{&quot;background_background&quot;:&quot;classic&quot;}\">\n\t\t\t\t<\/div>\n\t\t<div class=\"elementor-element elementor-element-3861b89 e-con-full e-flex e-con e-child\" data-id=\"3861b89\" data-element_type=\"container\" data-e-type=\"container\" data-settings=\"{&quot;background_background&quot;:&quot;classic&quot;}\">\n\t\t\t\t<div class=\"elementor-element elementor-element-a826f05 elementor-widget elementor-widget-heading\" data-id=\"a826f05\" data-element_type=\"widget\" data-e-type=\"widget\" data-widget_type=\"heading.default\">\n\t\t\t\t\t<h2 class=\"elementor-heading-title elementor-size-default\">Diagnostiquer votre capacit\u00e9 d\u2019adaptation<\/h2>\t\t\t\t<\/div>\n\t\t\t\t<div class=\"elementor-element elementor-element-c73ca89 elementor-widget-divider--view-line elementor-widget elementor-widget-divider\" data-id=\"c73ca89\" data-element_type=\"widget\" data-e-type=\"widget\" data-widget_type=\"divider.default\">\n\t\t\t\t\t\t\t<div class=\"elementor-divider\">\n\t\t\t<span class=\"elementor-divider-separator\">\n\t\t\t\t\t\t<\/span>\n\t\t<\/div>\n\t\t\t\t\t\t<\/div>\n\t\t\t\t<div class=\"elementor-element elementor-element-e96ed74 elementor-widget elementor-widget-text-editor\" data-id=\"e96ed74\" data-element_type=\"widget\" data-e-type=\"widget\" data-widget_type=\"text-editor.default\">\n\t\t\t\t\t\t\t\t\t<p>Nous commen\u00e7ons par mesurer l\u2019\u00e9tat d\u2019adaptabilit\u00e9 de votre organisation \u00e0 travers un diagnostic d\u2019adaptabilit\u00e9 structur\u00e9 sur 12 param\u00e8tres. Ce diagnostic permet d\u2019identifier les points de fragilit\u00e9 et les leviers d\u2019action prioritaires.<\/p>\t\t\t\t\t\t\t\t<\/div>\n\t\t\t\t<\/div>\n\t\t<div class=\"elementor-element elementor-element-0a6e6c4 e-con-full e-flex e-con e-child\" data-id=\"0a6e6c4\" data-element_type=\"container\" data-e-type=\"container\" data-settings=\"{&quot;background_background&quot;:&quot;classic&quot;}\">\n\t\t\t\t<div class=\"elementor-element elementor-element-54a024b elementor-widget elementor-widget-heading\" data-id=\"54a024b\" data-element_type=\"widget\" data-e-type=\"widget\" data-widget_type=\"heading.default\">\n\t\t\t\t\t<h2 class=\"elementor-heading-title elementor-size-default\">Ancrer des r\u00e9flexes adaptatifs durables<\/h2>\t\t\t\t<\/div>\n\t\t\t\t<div class=\"elementor-element elementor-element-af22802 elementor-widget-divider--view-line elementor-widget elementor-widget-divider\" data-id=\"af22802\" data-element_type=\"widget\" data-e-type=\"widget\" data-widget_type=\"divider.default\">\n\t\t\t\t\t\t\t<div class=\"elementor-divider\">\n\t\t\t<span class=\"elementor-divider-separator\">\n\t\t\t\t\t\t<\/span>\n\t\t<\/div>\n\t\t\t\t\t\t<\/div>\n\t\t\t\t<div class=\"elementor-element elementor-element-bae6566 elementor-widget elementor-widget-text-editor\" data-id=\"bae6566\" data-element_type=\"widget\" data-e-type=\"widget\" data-widget_type=\"text-editor.default\">\n\t\t\t\t\t\t\t\t\t<p>La m\u00e9thode ACTE\u00b3 structure un cycle d\u2019ancrage de 40 jours, dur\u00e9e valid\u00e9e par nos recherches comme le temps n\u00e9cessaire \u00e0 la stabilisation de nouveaux comportements. De l\u2019acceptation \u00e0 la projection, en passant par la coop\u00e9ration et la temporalit\u00e9.<\/p>\t\t\t\t\t\t\t\t<\/div>\n\t\t\t\t<\/div>\n\t\t<div class=\"elementor-element elementor-element-2a52f2d e-con-full e-flex e-con e-child\" data-id=\"2a52f2d\" data-element_type=\"container\" data-e-type=\"container\" data-settings=\"{&quot;background_background&quot;:&quot;classic&quot;}\">\n\t\t\t\t<\/div>\n\t\t<div class=\"elementor-element elementor-element-86020bc e-con-full e-flex e-con e-child\" data-id=\"86020bc\" data-element_type=\"container\" data-e-type=\"container\" data-settings=\"{&quot;background_background&quot;:&quot;classic&quot;}\">\n\t\t\t\t<\/div>\n\t\t<div class=\"elementor-element elementor-element-9d62c2c e-con-full e-flex e-con e-child\" data-id=\"9d62c2c\" data-element_type=\"container\" data-e-type=\"container\" data-settings=\"{&quot;background_background&quot;:&quot;classic&quot;}\">\n\t\t\t\t<div class=\"elementor-element elementor-element-8698407 elementor-widget elementor-widget-heading\" data-id=\"8698407\" data-element_type=\"widget\" data-e-type=\"widget\" data-widget_type=\"heading.default\">\n\t\t\t\t\t<h2 class=\"elementor-heading-title elementor-size-default\">Renforcer la coop\u00e9ration sous pression<\/h2>\t\t\t\t<\/div>\n\t\t\t\t<div class=\"elementor-element elementor-element-86b8c95 elementor-widget-divider--view-line elementor-widget elementor-widget-divider\" data-id=\"86b8c95\" data-element_type=\"widget\" data-e-type=\"widget\" data-widget_type=\"divider.default\">\n\t\t\t\t\t\t\t<div class=\"elementor-divider\">\n\t\t\t<span class=\"elementor-divider-separator\">\n\t\t\t\t\t\t<\/span>\n\t\t<\/div>\n\t\t\t\t\t\t<\/div>\n\t\t\t\t<div class=\"elementor-element elementor-element-be02a61 elementor-widget elementor-widget-text-editor\" data-id=\"be02a61\" data-element_type=\"widget\" data-e-type=\"widget\" data-widget_type=\"text-editor.default\">\n\t\t\t\t\t\t\t\t\t<p>Les dynamiques collectives se fragilisent quand l\u2019environnement devient instable. Nous entra\u00eenons vos \u00e9quipes \u00e0 coop\u00e9rer r\u00e9ellement, pas dans le confort d\u2019une salle de r\u00e9union, mais dans des situations qui reproduisent les conditions de l\u2019incertitude r\u00e9elle.<\/p>\t\t\t\t\t\t\t\t<\/div>\n\t\t\t\t<\/div>\n\t\t<div class=\"elementor-element elementor-element-b3cfc55 e-con-full e-flex e-con e-child\" data-id=\"b3cfc55\" data-element_type=\"container\" data-e-type=\"container\" data-settings=\"{&quot;background_background&quot;:&quot;classic&quot;}\">\n\t\t\t\t<div class=\"elementor-element elementor-element-302c794 elementor-widget elementor-widget-heading\" data-id=\"302c794\" data-element_type=\"widget\" data-e-type=\"widget\" data-widget_type=\"heading.default\">\n\t\t\t\t\t<h2 class=\"elementor-heading-title elementor-size-default\">Mesurer les progr\u00e8s<\/h2>\t\t\t\t<\/div>\n\t\t\t\t<div class=\"elementor-element elementor-element-2acf7c2 elementor-widget-divider--view-line elementor-widget elementor-widget-divider\" data-id=\"2acf7c2\" data-element_type=\"widget\" data-e-type=\"widget\" data-widget_type=\"divider.default\">\n\t\t\t\t\t\t\t<div class=\"elementor-divider\">\n\t\t\t<span class=\"elementor-divider-separator\">\n\t\t\t\t\t\t<\/span>\n\t\t<\/div>\n\t\t\t\t\t\t<\/div>\n\t\t\t\t<div class=\"elementor-element elementor-element-9ca0e82 elementor-widget elementor-widget-text-editor\" data-id=\"9ca0e82\" data-element_type=\"widget\" data-e-type=\"widget\" data-widget_type=\"text-editor.default\">\n\t\t\t\t\t\t\t\t\t<p>Chaque accompagnement s\u2019appuie sur des indicateurs d\u2019adaptation concrets, avec un suivi dans le temps.<\/p>\t\t\t\t\t\t\t\t<\/div>\n\t\t\t\t<\/div>\n\t\t<div class=\"elementor-element elementor-element-ac7810f e-con-full e-flex e-con e-child\" data-id=\"ac7810f\" data-element_type=\"container\" data-e-type=\"container\" data-settings=\"{&quot;background_background&quot;:&quot;classic&quot;}\">\n\t\t\t\t<\/div>\n\t\t<div class=\"elementor-element elementor-element-b78607f e-con-full e-flex e-con e-child\" data-id=\"b78607f\" data-element_type=\"container\" data-e-type=\"container\" data-settings=\"{&quot;background_background&quot;:&quot;classic&quot;}\">\n\t\t\t\t<\/div>\n\t\t<div class=\"elementor-element elementor-element-1b34761 e-con-full e-flex e-con e-child\" data-id=\"1b34761\" data-element_type=\"container\" data-e-type=\"container\" data-settings=\"{&quot;background_background&quot;:&quot;classic&quot;}\">\n\t\t\t\t<div class=\"elementor-element elementor-element-dc87988 elementor-widget elementor-widget-heading\" data-id=\"dc87988\" data-element_type=\"widget\" data-e-type=\"widget\" data-widget_type=\"heading.default\">\n\t\t\t\t\t<h2 class=\"elementor-heading-title elementor-size-default\">Our formats<\/h2>\t\t\t\t<\/div>\n\t\t\t\t<div class=\"elementor-element elementor-element-bb9d43c elementor-widget-divider--view-line elementor-widget elementor-widget-divider\" data-id=\"bb9d43c\" data-element_type=\"widget\" data-e-type=\"widget\" data-widget_type=\"divider.default\">\n\t\t\t\t\t\t\t<div class=\"elementor-divider\">\n\t\t\t<span class=\"elementor-divider-separator\">\n\t\t\t\t\t\t<\/span>\n\t\t<\/div>\n\t\t\t\t\t\t<\/div>\n\t\t\t\t<div class=\"elementor-element elementor-element-232df55 elementor-widget elementor-widget-text-editor\" data-id=\"232df55\" data-element_type=\"widget\" data-e-type=\"widget\" data-widget_type=\"text-editor.default\">\n\t\t\t\t\t\t\t\t\t<p><strong>Ateliers Leadership<\/strong>\u00a0D\u00e9cision sous contrainte, cas r\u00e9els, outils concrets issus d\u2019exp\u00e9ditions. Con\u00e7us pour les managers et les op\u00e9rationnels.<\/p><p><strong>Deep Days<\/strong>\u00a0Teambuilding en environnement exigeant. D\u00e9fis collaboratifs terrain. De 8 \u00e0 20 personnes.<\/p><p><strong>Support<\/strong>\u00a0Diagnostic d\u2019adaptabilit\u00e9, cycle ACTE\u00b3 sur 40 jours, ancrage durable, mesures d\u2019impact. Sur mesure.<\/p>\t\t\t\t\t\t\t\t<\/div>\n\t\t\t\t<\/div>\n\t\t\t\t<\/div>\n\t\t<div class=\"elementor-element elementor-element-0e372ef e-flex e-con-boxed e-con e-parent\" data-id=\"0e372ef\" data-element_type=\"container\" data-e-type=\"container\">\n\t\t\t\t\t<div class=\"e-con-inner\">\n\t\t\t\t<div class=\"elementor-element elementor-element-4734a7b elementor-align-center elementor-mobile-align-center elementor-widget__width-inherit elementor-widget elementor-widget-button\" data-id=\"4734a7b\" data-element_type=\"widget\" data-e-type=\"widget\" data-widget_type=\"button.default\">\n\t\t\t\t\t\t\t\t\t\t<a class=\"elementor-button elementor-button-link elementor-size-md elementor-animation-float\" href=\"https:\/\/darwinstrategies.com\/en\/#contact\">\n\t\t\t\t\t\t<span class=\"elementor-button-content-wrapper\">\n\t\t\t\t\t\t<span class=\"elementor-button-icon\">\n\t\t\t\t<svg aria-hidden=\"true\" class=\"e-font-icon-svg e-fas-angle-right\" viewbox=\"0 0 256 512\" xmlns=\"http:\/\/www.w3.org\/2000\/svg\"><path d=\"M224.3 273l-136 136c-9.4 9.4-24.6 9.4-33.9 0l-22.6-22.6c-9.4-9.4-9.4-24.6 0-33.9l96.4-96.4-96.4-96.4c-9.4-9.4-9.4-24.6 0-33.9L54.3 103c9.4-9.4 24.6-9.4 33.9 0l136 136c9.5 9.4 9.5 24.6.1 34z\"><\/path><\/svg>\t\t\t<\/span>\n\t\t\t\t\t\t\t\t\t<span class=\"elementor-button-text\">Explore this terrain with us.<\/span>\n\t\t\t\t\t<\/span>\n\t\t\t\t\t<\/a>\n\t\t\t\t\t\t\t\t<\/div>\n\t\t\t\t\t<\/div>\n\t\t\t\t<\/div>\n\t\t\t\t<\/div>","protected":false},"excerpt":{"rendered":"<p>Darwin Strategies Vos \u00e9quipes font face \u00e0 des transformations simultan\u00e9es, technologiques, organisationnelles, environnementales. La question n\u2019est plus de savoir si le changement va arriver, mais si vos collectifs sont \u00e9quip\u00e9s pour y faire face. Le d\u00e9fi Les organisations investissent massivement dans les outils, les process et les infrastructures. Mais quand l\u2019incertitude augmente, la v\u00e9ritable capacit\u00e9 [&hellip;]<\/p>\n","protected":false},"author":1,"featured_media":0,"parent":0,"menu_order":0,"comment_status":"closed","ping_status":"closed","template":"","meta":{"footnotes":""},"class_list":["post-141","page","type-page","status-publish","hentry"],"yoast_head":"<!-- This site is optimized with the Yoast SEO plugin v27.6 - https:\/\/yoast.com\/product\/yoast-seo-wordpress\/ -->\n<title>Capacit\u00e9 adaptative - Darwin<\/title>\n<meta name=\"description\" content=\"Vos \u00e9quipes sont-elles pr\u00eates pour l&#039;incertitude ? Mesurez et boostez leur capacit\u00e9 d&#039;adaptation avec la m\u00e9thode scientifique ACTE\u00b3\" \/>\n<meta name=\"robots\" content=\"index, follow, max-snippet:-1, max-image-preview:large, max-video-preview:-1\" \/>\n<link rel=\"canonical\" href=\"https:\/\/darwinstrategies.com\/en\/developpement-de-la-capacite-dadaptation-de-vos-equipes\/\" \/>\n<meta property=\"og:locale\" content=\"en_GB\" \/>\n<meta property=\"og:type\" content=\"article\" \/>\n<meta property=\"og:title\" content=\"Capacit\u00e9 adaptative - Darwin\" \/>\n<meta property=\"og:description\" content=\"Vos \u00e9quipes sont-elles pr\u00eates pour l&#039;incertitude ? Mesurez et boostez leur capacit\u00e9 d&#039;adaptation avec la m\u00e9thode scientifique ACTE\u00b3\" \/>\n<meta property=\"og:url\" content=\"https:\/\/darwinstrategies.com\/en\/developpement-de-la-capacite-dadaptation-de-vos-equipes\/\" \/>\n<meta property=\"og:site_name\" content=\"Darwin\" \/>\n<meta property=\"article:modified_time\" content=\"2026-05-15T08:38:42+00:00\" \/>\n<meta name=\"twitter:card\" content=\"summary_large_image\" \/>\n<meta name=\"twitter:label1\" content=\"Estimated reading time\" \/>\n\t<meta name=\"twitter:data1\" content=\"2 minutes\" \/>\n<script type=\"application\/ld+json\" class=\"yoast-schema-graph\">{\"@context\":\"https:\\\/\\\/schema.org\",\"@graph\":[{\"@type\":\"WebPage\",\"@id\":\"https:\\\/\\\/darwinstrategies.com\\\/developpement-de-la-capacite-dadaptation-de-vos-equipes\\\/\",\"url\":\"https:\\\/\\\/darwinstrategies.com\\\/developpement-de-la-capacite-dadaptation-de-vos-equipes\\\/\",\"name\":\"Capacit\u00e9 adaptative - Darwin\",\"isPartOf\":{\"@id\":\"https:\\\/\\\/darwinstrategies.com\\\/#website\"},\"datePublished\":\"2025-10-22T12:14:07+00:00\",\"dateModified\":\"2026-05-15T08:38:42+00:00\",\"description\":\"Vos \u00e9quipes sont-elles pr\u00eates pour l'incertitude ? Mesurez et boostez leur capacit\u00e9 d'adaptation avec la m\u00e9thode scientifique ACTE\u00b3\",\"breadcrumb\":{\"@id\":\"https:\\\/\\\/darwinstrategies.com\\\/developpement-de-la-capacite-dadaptation-de-vos-equipes\\\/#breadcrumb\"},\"inLanguage\":\"en-GB\",\"potentialAction\":[{\"@type\":\"ReadAction\",\"target\":[\"https:\\\/\\\/darwinstrategies.com\\\/developpement-de-la-capacite-dadaptation-de-vos-equipes\\\/\"]}]},{\"@type\":\"BreadcrumbList\",\"@id\":\"https:\\\/\\\/darwinstrategies.com\\\/developpement-de-la-capacite-dadaptation-de-vos-equipes\\\/#breadcrumb\",\"itemListElement\":[{\"@type\":\"ListItem\",\"position\":1,\"name\":\"Accueil\",\"item\":\"https:\\\/\\\/darwinstrategies.com\\\/\"},{\"@type\":\"ListItem\",\"position\":2,\"name\":\"Capacit\u00e9 adaptative\"}]},{\"@type\":\"WebSite\",\"@id\":\"https:\\\/\\\/darwinstrategies.com\\\/#website\",\"url\":\"https:\\\/\\\/darwinstrategies.com\\\/\",\"name\":\"Darwin\",\"description\":\"\",\"potentialAction\":[{\"@type\":\"SearchAction\",\"target\":{\"@type\":\"EntryPoint\",\"urlTemplate\":\"https:\\\/\\\/darwinstrategies.com\\\/?s={search_term_string}\"},\"query-input\":{\"@type\":\"PropertyValueSpecification\",\"valueRequired\":true,\"valueName\":\"search_term_string\"}}],\"inLanguage\":\"en-GB\"}]}<\/script>\n<!-- \/ Yoast SEO plugin. -->","yoast_head_json":{"title":"Capacit\u00e9 adaptative - Darwin","description":"Vos \u00e9quipes sont-elles pr\u00eates pour l'incertitude ? Mesurez et boostez leur capacit\u00e9 d'adaptation avec la m\u00e9thode scientifique ACTE\u00b3","robots":{"index":"index","follow":"follow","max-snippet":"max-snippet:-1","max-image-preview":"max-image-preview:large","max-video-preview":"max-video-preview:-1"},"canonical":"https:\/\/darwinstrategies.com\/en\/developpement-de-la-capacite-dadaptation-de-vos-equipes\/","og_locale":"en_GB","og_type":"article","og_title":"Capacit\u00e9 adaptative - Darwin","og_description":"Vos \u00e9quipes sont-elles pr\u00eates pour l'incertitude ? Mesurez et boostez leur capacit\u00e9 d'adaptation avec la m\u00e9thode scientifique ACTE\u00b3","og_url":"https:\/\/darwinstrategies.com\/en\/developpement-de-la-capacite-dadaptation-de-vos-equipes\/","og_site_name":"Darwin","article_modified_time":"2026-05-15T08:38:42+00:00","twitter_card":"summary_large_image","twitter_misc":{"Estimated reading time":"2 minutes"},"schema":{"@context":"https:\/\/schema.org","@graph":[{"@type":"WebPage","@id":"https:\/\/darwinstrategies.com\/developpement-de-la-capacite-dadaptation-de-vos-equipes\/","url":"https:\/\/darwinstrategies.com\/developpement-de-la-capacite-dadaptation-de-vos-equipes\/","name":"Capacit\u00e9 adaptative - Darwin","isPartOf":{"@id":"https:\/\/darwinstrategies.com\/#website"},"datePublished":"2025-10-22T12:14:07+00:00","dateModified":"2026-05-15T08:38:42+00:00","description":"Vos \u00e9quipes sont-elles pr\u00eates pour l'incertitude ? Mesurez et boostez leur capacit\u00e9 d'adaptation avec la m\u00e9thode scientifique ACTE\u00b3","breadcrumb":{"@id":"https:\/\/darwinstrategies.com\/developpement-de-la-capacite-dadaptation-de-vos-equipes\/#breadcrumb"},"inLanguage":"en-GB","potentialAction":[{"@type":"ReadAction","target":["https:\/\/darwinstrategies.com\/developpement-de-la-capacite-dadaptation-de-vos-equipes\/"]}]},{"@type":"BreadcrumbList","@id":"https:\/\/darwinstrategies.com\/developpement-de-la-capacite-dadaptation-de-vos-equipes\/#breadcrumb","itemListElement":[{"@type":"ListItem","position":1,"name":"Accueil","item":"https:\/\/darwinstrategies.com\/"},{"@type":"ListItem","position":2,"name":"Capacit\u00e9 adaptative"}]},{"@type":"WebSite","@id":"https:\/\/darwinstrategies.com\/#website","url":"https:\/\/darwinstrategies.com\/","name":"Darwin","description":"","potentialAction":[{"@type":"SearchAction","target":{"@type":"EntryPoint","urlTemplate":"https:\/\/darwinstrategies.com\/?s={search_term_string}"},"query-input":{"@type":"PropertyValueSpecification","valueRequired":true,"valueName":"search_term_string"}}],"inLanguage":"en-GB"}]}},"_links":{"self":[{"href":"https:\/\/darwinstrategies.com\/en\/wp-json\/wp\/v2\/pages\/141","targetHints":{"allow":["GET"]}}],"collection":[{"href":"https:\/\/darwinstrategies.com\/en\/wp-json\/wp\/v2\/pages"}],"about":[{"href":"https:\/\/darwinstrategies.com\/en\/wp-json\/wp\/v2\/types\/page"}],"author":[{"embeddable":true,"href":"https:\/\/darwinstrategies.com\/en\/wp-json\/wp\/v2\/users\/1"}],"replies":[{"embeddable":true,"href":"https:\/\/darwinstrategies.com\/en\/wp-json\/wp\/v2\/comments?post=141"}],"version-history":[{"count":95,"href":"https:\/\/darwinstrategies.com\/en\/wp-json\/wp\/v2\/pages\/141\/revisions"}],"predecessor-version":[{"id":1618,"href":"https:\/\/darwinstrategies.com\/en\/wp-json\/wp\/v2\/pages\/141\/revisions\/1618"}],"wp:attachment":[{"href":"https:\/\/darwinstrategies.com\/en\/wp-json\/wp\/v2\/media?parent=141"}],"curies":[{"name":"wp","href":"https:\/\/api.w.org\/{rel}","templated":true}]}}