{"id":1076,"date":"2026-04-01T14:36:07","date_gmt":"2026-04-01T14:36:07","guid":{"rendered":"https:\/\/darwinstrategies.com\/?page_id=1076"},"modified":"2026-05-15T08:36:33","modified_gmt":"2026-05-15T08:36:33","slug":"methode","status":"publish","type":"page","link":"https:\/\/darwinstrategies.com\/en\/methode\/","title":{"rendered":"Method"},"content":{"rendered":"<div data-elementor-type=\"wp-page\" data-elementor-id=\"1076\" class=\"elementor elementor-1076\" data-elementor-post-type=\"page\">\n\t\t\t\t<div class=\"elementor-element elementor-element-1418a7a e-flex e-con-boxed e-con e-parent\" data-id=\"1418a7a\" data-element_type=\"container\" data-e-type=\"container\" data-settings=\"{&quot;background_background&quot;:&quot;classic&quot;}\">\n\t\t\t\t\t<div class=\"e-con-inner\">\n\t\t\t\t<div class=\"elementor-element elementor-element-794b279 elementor-widget__width-inherit elementor-widget elementor-widget-heading\" data-id=\"794b279\" data-element_type=\"widget\" data-e-type=\"widget\" data-widget_type=\"heading.default\">\n\t\t\t\t\t<h2 class=\"elementor-heading-title elementor-size-default\">Darwin Strategies<\/h2>\t\t\t\t<\/div>\n\t\t\t\t<div class=\"elementor-element elementor-element-3de7e3a elementor-widget__width-inherit elementor-widget-divider--view-line elementor-widget elementor-widget-divider\" data-id=\"3de7e3a\" data-element_type=\"widget\" data-e-type=\"widget\" data-widget_type=\"divider.default\">\n\t\t\t\t\t\t\t<div class=\"elementor-divider\">\n\t\t\t<span class=\"elementor-divider-separator\">\n\t\t\t\t\t\t<\/span>\n\t\t<\/div>\n\t\t\t\t\t\t<\/div>\n\t\t\t\t<div class=\"elementor-element elementor-element-0cf5e3f elementor-widget__width-inherit elementor-widget elementor-widget-heading\" data-id=\"0cf5e3f\" data-element_type=\"widget\" data-e-type=\"widget\" data-widget_type=\"heading.default\">\n\t\t\t\t\t<h2 class=\"elementor-heading-title elementor-size-default\">La science du terrain<\/h2>\t\t\t\t<\/div>\n\t\t\t\t<div class=\"elementor-element elementor-element-eecea3a elementor-widget elementor-widget-text-editor\" data-id=\"eecea3a\" data-element_type=\"widget\" data-e-type=\"widget\" data-widget_type=\"text-editor.default\">\n\t\t\t\t\t\t\t\t\t<p>Adoss\u00e9 au <b>Human Adaptation Institute<\/b>, notre travail s\u2019appuie avant tout sur l\u2019exp\u00e9rience du terrain.<\/p><p>Nos chercheurs explorent les capacit\u00e9s d\u2019adaptation humaine <b>l\u00e0 o\u00f9 elles sont r\u00e9ellement mises \u00e0 l\u2019\u00e9preuve<\/b>.<\/p><p>Nous transformons ces connaissances en outils strat\u00e9giques concrets pour les organisations.<\/p><p>Plusieurs raisons \u00e0 cela : des freins cognitifs, des temporalit\u00e9s mal align\u00e9es, des visions difficiles \u00e0 unifier, et surtout un d\u00e9ficit de passage \u00e0 l\u2019action. Il ne suffit pas d\u2019avoir une strat\u00e9gie RSE \u2014 il faut embarquer les collaborateurs, donner du sens \u00e0 l\u2019action et faire \u00e9voluer les comportements collectifs.<\/p>\t\t\t\t\t\t\t\t<\/div>\n\t\t\t\t\t<\/div>\n\t\t\t\t<\/div>\n\t\t<div class=\"elementor-element elementor-element-cf74b6a e-con-full e-flex e-con e-parent\" data-id=\"cf74b6a\" data-element_type=\"container\" data-e-type=\"container\" data-settings=\"{&quot;background_background&quot;:&quot;classic&quot;}\">\n\t\t\t\t<div class=\"elementor-element elementor-element-e2b0144 elementor-widget elementor-widget-heading\" data-id=\"e2b0144\" data-element_type=\"widget\" data-e-type=\"widget\" data-widget_type=\"heading.default\">\n\t\t\t\t\t<h2 class=\"elementor-heading-title elementor-size-default\">Darwin Strategies<\/h2>\t\t\t\t<\/div>\n\t\t\t\t<div class=\"elementor-element elementor-element-7782e8e elementor-widget-divider--view-line elementor-widget elementor-widget-divider\" data-id=\"7782e8e\" data-element_type=\"widget\" data-e-type=\"widget\" data-widget_type=\"divider.default\">\n\t\t\t\t\t\t\t<div class=\"elementor-divider\">\n\t\t\t<span class=\"elementor-divider-separator\">\n\t\t\t\t\t\t<\/span>\n\t\t<\/div>\n\t\t\t\t\t\t<\/div>\n\t\t\t\t<div class=\"elementor-element elementor-element-7f9d690 elementor-widget__width-inherit elementor-widget elementor-widget-heading\" data-id=\"7f9d690\" data-element_type=\"widget\" data-e-type=\"widget\" data-widget_type=\"heading.default\">\n\t\t\t\t\t<h2 class=\"elementor-heading-title elementor-size-default\">Notre m\u00e9thode d'exp\u00e9dition<\/h2>\t\t\t\t<\/div>\n\t\t\t\t<div class=\"elementor-element elementor-element-91dcd28 elementor-widget elementor-widget-text-editor\" data-id=\"91dcd28\" data-element_type=\"widget\" data-e-type=\"widget\" data-widget_type=\"text-editor.default\">\n\t\t\t\t\t\t\t\t\t<p>Chaque mission est une exp\u00e9dition. Nos accompagnements sont immersifs, exp\u00e9rientiels et structur\u00e9s sur 3 \u00e9tapes cl\u00e9s.<\/p>\t\t\t\t\t\t\t\t<\/div>\n\t\t\t\t<\/div>\n\t\t<div class=\"elementor-element elementor-element-6d52b64 e-flex e-con-boxed e-con e-parent\" data-id=\"6d52b64\" data-element_type=\"container\" data-e-type=\"container\">\n\t\t\t\t\t<div class=\"e-con-inner\">\n\t\t<div class=\"elementor-element elementor-element-0017cc3 e-con-full e-flex e-con e-child\" data-id=\"0017cc3\" data-element_type=\"container\" data-e-type=\"container\">\n\t\t\t\t<div class=\"elementor-element elementor-element-afdaae2 elementor-widget elementor-widget-text-editor\" data-id=\"afdaae2\" data-element_type=\"widget\" data-e-type=\"widget\" data-widget_type=\"text-editor.default\">\n\t\t\t\t\t\t\t\t\t<p>Comprendre votre terrain r\u00e9el\u00a0<br \/>Briefing d\u2019exp\u00e9dition, identification des points de friction et des leviers potentiels. Cartographie de vos enjeux de leadership et de d\u00e9cision.<\/p>\t\t\t\t\t\t\t\t<\/div>\n\t\t\t\t<\/div>\n\t\t<div class=\"elementor-element elementor-element-c6efaf9 e-con-full e-flex e-con e-child\" data-id=\"c6efaf9\" data-element_type=\"container\" data-e-type=\"container\">\n\t\t\t\t<div class=\"elementor-element elementor-element-660cca9 elementor-widget elementor-widget-image\" data-id=\"660cca9\" data-element_type=\"widget\" data-e-type=\"widget\" data-widget_type=\"image.default\">\n\t\t\t\t\t\t\t\t\t\t\t\t\t\t\t<img decoding=\"async\" src=\"https:\/\/darwinstrategies.com\/wp-content\/plugins\/elementor\/assets\/images\/placeholder.png\" title=\"\" alt=\"\" loading=\"lazy\" \/>\t\t\t\t\t\t\t\t\t\t\t\t\t\t\t<\/div>\n\t\t\t\t<\/div>\n\t\t\t\t\t<\/div>\n\t\t\t\t<\/div>\n\t\t<div class=\"elementor-element elementor-element-798748c e-flex e-con-boxed e-con e-parent\" data-id=\"798748c\" data-element_type=\"container\" data-e-type=\"container\">\n\t\t\t\t\t<div class=\"e-con-inner\">\n\t\t<div class=\"elementor-element elementor-element-a7d83b3 e-con-full e-flex e-con e-child\" data-id=\"a7d83b3\" data-element_type=\"container\" data-e-type=\"container\">\n\t\t\t\t<div class=\"elementor-element elementor-element-5476245 elementor-widget elementor-widget-text-editor\" data-id=\"5476245\" data-element_type=\"widget\" data-e-type=\"widget\" data-widget_type=\"text-editor.default\">\n\t\t\t\t\t\t\t\t\t<p>Exp\u00e9rimenter, ressentir, mesurer. Exercices terrain et mises en situation con\u00e7us \u00e0 partir de nos protocoles d\u2019exp\u00e9dition. Vos dirigeants sont confront\u00e9s \u00e0 des situations analogues \u00e0 l\u2019incertitude r\u00e9elle.<\/p>\t\t\t\t\t\t\t\t<\/div>\n\t\t\t\t<\/div>\n\t\t<div class=\"elementor-element elementor-element-7764a19 e-con-full e-flex e-con e-child\" data-id=\"7764a19\" data-element_type=\"container\" data-e-type=\"container\">\n\t\t\t\t<div class=\"elementor-element elementor-element-991face elementor-widget elementor-widget-image\" data-id=\"991face\" data-element_type=\"widget\" data-e-type=\"widget\" data-widget_type=\"image.default\">\n\t\t\t\t\t\t\t\t\t\t\t\t\t\t\t<img decoding=\"async\" src=\"https:\/\/darwinstrategies.com\/wp-content\/plugins\/elementor\/assets\/images\/placeholder.png\" title=\"\" alt=\"\" loading=\"lazy\" \/>\t\t\t\t\t\t\t\t\t\t\t\t\t\t\t<\/div>\n\t\t\t\t<\/div>\n\t\t\t\t\t<\/div>\n\t\t\t\t<\/div>\n\t\t<div class=\"elementor-element elementor-element-78e1b50 e-flex e-con-boxed e-con e-parent\" data-id=\"78e1b50\" data-element_type=\"container\" data-e-type=\"container\">\n\t\t\t\t\t<div class=\"e-con-inner\">\n\t\t<div class=\"elementor-element elementor-element-b4c65fb e-con-full e-flex e-con e-child\" data-id=\"b4c65fb\" data-element_type=\"container\" data-e-type=\"container\">\n\t\t\t\t<div class=\"elementor-element elementor-element-c656b31 elementor-widget elementor-widget-text-editor\" data-id=\"c656b31\" data-element_type=\"widget\" data-e-type=\"widget\" data-widget_type=\"text-editor.default\">\n\t\t\t\t\t\t\t\t\t<p>Transformer l\u2019exp\u00e9rience en r\u00e9flexes durables. Analyse des comportements observ\u00e9s, ancrage des nouveaux m\u00e9canismes de d\u00e9cision, plan d\u2019action sur cycle de 40 jours (cycle d\u2019ancrage comportemental issu de nos recherches).<\/p>\t\t\t\t\t\t\t\t<\/div>\n\t\t\t\t<\/div>\n\t\t<div class=\"elementor-element elementor-element-43fcbba e-con-full e-flex e-con e-child\" data-id=\"43fcbba\" data-element_type=\"container\" data-e-type=\"container\">\n\t\t\t\t<div class=\"elementor-element elementor-element-9c4fb7c elementor-widget elementor-widget-image\" data-id=\"9c4fb7c\" data-element_type=\"widget\" data-e-type=\"widget\" data-widget_type=\"image.default\">\n\t\t\t\t\t\t\t\t\t\t\t\t\t\t\t<img decoding=\"async\" src=\"https:\/\/darwinstrategies.com\/wp-content\/plugins\/elementor\/assets\/images\/placeholder.png\" title=\"\" alt=\"\" loading=\"lazy\" \/>\t\t\t\t\t\t\t\t\t\t\t\t\t\t\t<\/div>\n\t\t\t\t<\/div>\n\t\t\t\t\t<\/div>\n\t\t\t\t<\/div>\n\t\t<div class=\"elementor-element elementor-element-5924e89 e-con-full e-flex e-con e-parent\" data-id=\"5924e89\" data-element_type=\"container\" data-e-type=\"container\" data-settings=\"{&quot;background_background&quot;:&quot;classic&quot;}\">\n\t\t\t\t<div class=\"elementor-element elementor-element-3a50b19 elementor-widget elementor-widget-heading\" data-id=\"3a50b19\" data-element_type=\"widget\" data-e-type=\"widget\" data-widget_type=\"heading.default\">\n\t\t\t\t\t<h2 class=\"elementor-heading-title elementor-size-default\">Darwin Strategies<\/h2>\t\t\t\t<\/div>\n\t\t\t\t<div class=\"elementor-element elementor-element-d54efbe elementor-widget-divider--view-line elementor-widget elementor-widget-divider\" data-id=\"d54efbe\" data-element_type=\"widget\" data-e-type=\"widget\" data-widget_type=\"divider.default\">\n\t\t\t\t\t\t\t<div class=\"elementor-divider\">\n\t\t\t<span class=\"elementor-divider-separator\">\n\t\t\t\t\t\t<\/span>\n\t\t<\/div>\n\t\t\t\t\t\t<\/div>\n\t\t\t\t<div class=\"elementor-element elementor-element-edce96d elementor-widget elementor-widget-heading\" data-id=\"edce96d\" data-element_type=\"widget\" data-e-type=\"widget\" data-widget_type=\"heading.default\">\n\t\t\t\t\t<h2 class=\"elementor-heading-title elementor-size-default\">Les 6 formats<\/h2>\t\t\t\t<\/div>\n\t\t\t\t<div class=\"elementor-element elementor-element-f5e006d elementor-widget__width-inherit elementor-widget elementor-widget-text-editor\" data-id=\"f5e006d\" data-element_type=\"widget\" data-e-type=\"widget\" data-widget_type=\"text-editor.default\">\n\t\t\t\t\t\t\t\t\t<table><thead><tr><th>Format<\/th><th>Description<\/th><th>Jauge<\/th><\/tr><\/thead><tbody><tr><td>Conference<\/td><td>D\u00e9clic, impulsion, changement de perspective.<\/td><td>\u00c0 partir de 50 pers.<\/td><\/tr><tr><td>Ateliers Leadership<\/td><td>D\u00e9cision sous contrainte, cas r\u00e9els, outils issus d\u2019exp\u00e9ditions.<\/td><td>Comex, managers<\/td><\/tr><tr><td>Climate Sense<\/td><td>Exp\u00e9rience immersive \u00e0 +50\u00b0C. Ressentir. Comprendre. Agir.<\/td><td>10 \u00e0 140 pers.<\/td><\/tr><tr><td>Deep Days<\/td><td>Teambuilding en environnement exigeant. D\u00e9fis collaboratifs terrain.<\/td><td>8 \u00e0 20 pers.<\/td><\/tr><tr><td>Learning Expedition<\/td><td>Exp\u00e9dition r\u00e9elle. Autonomie progressive. Transformation profonde.<\/td><td>6 \u00e0 15 pers.<\/td><\/tr><tr><td>Support<\/td><td>Diagnostic, cycle ACTE\u00b3 40 jours, ancrage durable, mesures d\u2019impact.<\/td><td>Sur mesure<\/td><\/tr><\/tbody><\/table>\t\t\t\t\t\t\t\t<\/div>\n\t\t\t\t<div class=\"elementor-element elementor-element-50a404b elementor-align-center elementor-mobile-align-center elementor-widget__width-inherit elementor-widget elementor-widget-button\" data-id=\"50a404b\" data-element_type=\"widget\" data-e-type=\"widget\" data-widget_type=\"button.default\">\n\t\t\t\t\t\t\t\t\t\t<a class=\"elementor-button elementor-button-link elementor-size-md elementor-animation-float\" href=\"https:\/\/darwinstrategies.com\/en\/#contact\">\n\t\t\t\t\t\t<span class=\"elementor-button-content-wrapper\">\n\t\t\t\t\t\t<span class=\"elementor-button-icon\">\n\t\t\t\t<svg aria-hidden=\"true\" class=\"e-font-icon-svg e-fas-angle-right\" viewbox=\"0 0 256 512\" xmlns=\"http:\/\/www.w3.org\/2000\/svg\"><path d=\"M224.3 273l-136 136c-9.4 9.4-24.6 9.4-33.9 0l-22.6-22.6c-9.4-9.4-9.4-24.6 0-33.9l96.4-96.4-96.4-96.4c-9.4-9.4-9.4-24.6 0-33.9L54.3 103c9.4-9.4 24.6-9.4 33.9 0l136 136c9.5 9.4 9.5 24.6.1 34z\"><\/path><\/svg>\t\t\t<\/span>\n\t\t\t\t\t\t\t\t\t<span class=\"elementor-button-text\">Explore this terrain with us.<\/span>\n\t\t\t\t\t<\/span>\n\t\t\t\t\t<\/a>\n\t\t\t\t\t\t\t\t<\/div>\n\t\t\t\t<\/div>\n\t\t\t\t<\/div>","protected":false},"excerpt":{"rendered":"<p>Darwin Strategies La science du terrain Adoss\u00e9 au Human Adaptation Institute, notre travail s\u2019appuie avant tout sur l\u2019exp\u00e9rience du terrain. Nos chercheurs explorent les capacit\u00e9s d\u2019adaptation humaine l\u00e0 o\u00f9 elles sont r\u00e9ellement mises \u00e0 l\u2019\u00e9preuve. Nous transformons ces connaissances en outils strat\u00e9giques concrets pour les organisations. Plusieurs raisons \u00e0 cela : des freins cognitifs, des [&hellip;]<\/p>\n","protected":false},"author":2,"featured_media":0,"parent":0,"menu_order":0,"comment_status":"closed","ping_status":"closed","template":"","meta":{"footnotes":""},"class_list":["post-1076","page","type-page","status-publish","hentry"],"yoast_head":"<!-- This site is optimized with the Yoast SEO plugin v27.6 - https:\/\/yoast.com\/product\/yoast-seo-wordpress\/ -->\n<title>M\u00e9thode - Darwin<\/title>\n<meta name=\"description\" content=\"Passez de la th\u00e9orie \u00e0 l&#039;action. D\u00e9couvrez notre m\u00e9thode d&#039;exp\u00e9dition immersive pour ancrer des r\u00e9flexes d&#039;adaptation durables. Pr\u00eat ?\" \/>\n<meta name=\"robots\" content=\"index, follow, max-snippet:-1, max-image-preview:large, max-video-preview:-1\" \/>\n<link rel=\"canonical\" href=\"https:\/\/darwinstrategies.com\/en\/methode\/\" \/>\n<meta property=\"og:locale\" content=\"en_GB\" \/>\n<meta property=\"og:type\" content=\"article\" \/>\n<meta property=\"og:title\" content=\"M\u00e9thode - Darwin\" \/>\n<meta property=\"og:description\" content=\"Passez de la th\u00e9orie \u00e0 l&#039;action. D\u00e9couvrez notre m\u00e9thode d&#039;exp\u00e9dition immersive pour ancrer des r\u00e9flexes d&#039;adaptation durables. Pr\u00eat ?\" \/>\n<meta property=\"og:url\" content=\"https:\/\/darwinstrategies.com\/en\/methode\/\" \/>\n<meta property=\"og:site_name\" content=\"Darwin\" \/>\n<meta property=\"article:modified_time\" content=\"2026-05-15T08:36:33+00:00\" \/>\n<meta property=\"og:image\" content=\"https:\/\/darwinstrategies.com\/wp-content\/plugins\/elementor\/assets\/images\/placeholder.png\" \/>\n<meta name=\"twitter:card\" content=\"summary_large_image\" \/>\n<meta name=\"twitter:label1\" content=\"Estimated reading time\" \/>\n\t<meta name=\"twitter:data1\" content=\"3 minutes\" \/>\n<script type=\"application\/ld+json\" class=\"yoast-schema-graph\">{\"@context\":\"https:\\\/\\\/schema.org\",\"@graph\":[{\"@type\":\"WebPage\",\"@id\":\"https:\\\/\\\/darwinstrategies.com\\\/methode\\\/\",\"url\":\"https:\\\/\\\/darwinstrategies.com\\\/methode\\\/\",\"name\":\"M\u00e9thode - Darwin\",\"isPartOf\":{\"@id\":\"https:\\\/\\\/darwinstrategies.com\\\/#website\"},\"primaryImageOfPage\":{\"@id\":\"https:\\\/\\\/darwinstrategies.com\\\/methode\\\/#primaryimage\"},\"image\":{\"@id\":\"https:\\\/\\\/darwinstrategies.com\\\/methode\\\/#primaryimage\"},\"thumbnailUrl\":\"https:\\\/\\\/darwinstrategies.com\\\/wp-content\\\/plugins\\\/elementor\\\/assets\\\/images\\\/placeholder.png\",\"datePublished\":\"2026-04-01T14:36:07+00:00\",\"dateModified\":\"2026-05-15T08:36:33+00:00\",\"description\":\"Passez de la th\u00e9orie \u00e0 l'action. D\u00e9couvrez notre m\u00e9thode d'exp\u00e9dition immersive pour ancrer des r\u00e9flexes d'adaptation durables. Pr\u00eat ?\",\"breadcrumb\":{\"@id\":\"https:\\\/\\\/darwinstrategies.com\\\/methode\\\/#breadcrumb\"},\"inLanguage\":\"en-GB\",\"potentialAction\":[{\"@type\":\"ReadAction\",\"target\":[\"https:\\\/\\\/darwinstrategies.com\\\/methode\\\/\"]}]},{\"@type\":\"ImageObject\",\"inLanguage\":\"en-GB\",\"@id\":\"https:\\\/\\\/darwinstrategies.com\\\/methode\\\/#primaryimage\",\"url\":\"https:\\\/\\\/darwinstrategies.com\\\/wp-content\\\/plugins\\\/elementor\\\/assets\\\/images\\\/placeholder.png\",\"contentUrl\":\"https:\\\/\\\/darwinstrategies.com\\\/wp-content\\\/plugins\\\/elementor\\\/assets\\\/images\\\/placeholder.png\"},{\"@type\":\"BreadcrumbList\",\"@id\":\"https:\\\/\\\/darwinstrategies.com\\\/methode\\\/#breadcrumb\",\"itemListElement\":[{\"@type\":\"ListItem\",\"position\":1,\"name\":\"Accueil\",\"item\":\"https:\\\/\\\/darwinstrategies.com\\\/\"},{\"@type\":\"ListItem\",\"position\":2,\"name\":\"M\u00e9thode\"}]},{\"@type\":\"WebSite\",\"@id\":\"https:\\\/\\\/darwinstrategies.com\\\/#website\",\"url\":\"https:\\\/\\\/darwinstrategies.com\\\/\",\"name\":\"Darwin\",\"description\":\"\",\"potentialAction\":[{\"@type\":\"SearchAction\",\"target\":{\"@type\":\"EntryPoint\",\"urlTemplate\":\"https:\\\/\\\/darwinstrategies.com\\\/?s={search_term_string}\"},\"query-input\":{\"@type\":\"PropertyValueSpecification\",\"valueRequired\":true,\"valueName\":\"search_term_string\"}}],\"inLanguage\":\"en-GB\"}]}<\/script>\n<!-- \/ Yoast SEO plugin. -->","yoast_head_json":{"title":"M\u00e9thode - Darwin","description":"Passez de la th\u00e9orie \u00e0 l'action. D\u00e9couvrez notre m\u00e9thode d'exp\u00e9dition immersive pour ancrer des r\u00e9flexes d'adaptation durables. Pr\u00eat ?","robots":{"index":"index","follow":"follow","max-snippet":"max-snippet:-1","max-image-preview":"max-image-preview:large","max-video-preview":"max-video-preview:-1"},"canonical":"https:\/\/darwinstrategies.com\/en\/methode\/","og_locale":"en_GB","og_type":"article","og_title":"M\u00e9thode - Darwin","og_description":"Passez de la th\u00e9orie \u00e0 l'action. D\u00e9couvrez notre m\u00e9thode d'exp\u00e9dition immersive pour ancrer des r\u00e9flexes d'adaptation durables. Pr\u00eat ?","og_url":"https:\/\/darwinstrategies.com\/en\/methode\/","og_site_name":"Darwin","article_modified_time":"2026-05-15T08:36:33+00:00","og_image":[{"url":"https:\/\/darwinstrategies.com\/wp-content\/plugins\/elementor\/assets\/images\/placeholder.png","type":"","width":"","height":""}],"twitter_card":"summary_large_image","twitter_misc":{"Estimated reading time":"3 minutes"},"schema":{"@context":"https:\/\/schema.org","@graph":[{"@type":"WebPage","@id":"https:\/\/darwinstrategies.com\/methode\/","url":"https:\/\/darwinstrategies.com\/methode\/","name":"M\u00e9thode - Darwin","isPartOf":{"@id":"https:\/\/darwinstrategies.com\/#website"},"primaryImageOfPage":{"@id":"https:\/\/darwinstrategies.com\/methode\/#primaryimage"},"image":{"@id":"https:\/\/darwinstrategies.com\/methode\/#primaryimage"},"thumbnailUrl":"https:\/\/darwinstrategies.com\/wp-content\/plugins\/elementor\/assets\/images\/placeholder.png","datePublished":"2026-04-01T14:36:07+00:00","dateModified":"2026-05-15T08:36:33+00:00","description":"Passez de la th\u00e9orie \u00e0 l'action. D\u00e9couvrez notre m\u00e9thode d'exp\u00e9dition immersive pour ancrer des r\u00e9flexes d'adaptation durables. Pr\u00eat ?","breadcrumb":{"@id":"https:\/\/darwinstrategies.com\/methode\/#breadcrumb"},"inLanguage":"en-GB","potentialAction":[{"@type":"ReadAction","target":["https:\/\/darwinstrategies.com\/methode\/"]}]},{"@type":"ImageObject","inLanguage":"en-GB","@id":"https:\/\/darwinstrategies.com\/methode\/#primaryimage","url":"https:\/\/darwinstrategies.com\/wp-content\/plugins\/elementor\/assets\/images\/placeholder.png","contentUrl":"https:\/\/darwinstrategies.com\/wp-content\/plugins\/elementor\/assets\/images\/placeholder.png"},{"@type":"BreadcrumbList","@id":"https:\/\/darwinstrategies.com\/methode\/#breadcrumb","itemListElement":[{"@type":"ListItem","position":1,"name":"Accueil","item":"https:\/\/darwinstrategies.com\/"},{"@type":"ListItem","position":2,"name":"M\u00e9thode"}]},{"@type":"WebSite","@id":"https:\/\/darwinstrategies.com\/#website","url":"https:\/\/darwinstrategies.com\/","name":"Darwin","description":"","potentialAction":[{"@type":"SearchAction","target":{"@type":"EntryPoint","urlTemplate":"https:\/\/darwinstrategies.com\/?s={search_term_string}"},"query-input":{"@type":"PropertyValueSpecification","valueRequired":true,"valueName":"search_term_string"}}],"inLanguage":"en-GB"}]}},"_links":{"self":[{"href":"https:\/\/darwinstrategies.com\/en\/wp-json\/wp\/v2\/pages\/1076","targetHints":{"allow":["GET"]}}],"collection":[{"href":"https:\/\/darwinstrategies.com\/en\/wp-json\/wp\/v2\/pages"}],"about":[{"href":"https:\/\/darwinstrategies.com\/en\/wp-json\/wp\/v2\/types\/page"}],"author":[{"embeddable":true,"href":"https:\/\/darwinstrategies.com\/en\/wp-json\/wp\/v2\/users\/2"}],"replies":[{"embeddable":true,"href":"https:\/\/darwinstrategies.com\/en\/wp-json\/wp\/v2\/comments?post=1076"}],"version-history":[{"count":71,"href":"https:\/\/darwinstrategies.com\/en\/wp-json\/wp\/v2\/pages\/1076\/revisions"}],"predecessor-version":[{"id":1615,"href":"https:\/\/darwinstrategies.com\/en\/wp-json\/wp\/v2\/pages\/1076\/revisions\/1615"}],"wp:attachment":[{"href":"https:\/\/darwinstrategies.com\/en\/wp-json\/wp\/v2\/media?parent=1076"}],"curies":[{"name":"wp","href":"https:\/\/api.w.org\/{rel}","templated":true}]}}